{"id":7507,"date":"2026-01-21T10:13:44","date_gmt":"2026-01-21T13:13:44","guid":{"rendered":"https:\/\/colegioarmonia.edu.ar\/?page_id=7507"},"modified":"2026-02-02T17:20:15","modified_gmt":"2026-02-02T20:20:15","slug":"formulario-de-preadmision","status":"publish","type":"page","link":"https:\/\/colegioarmonia.edu.ar\/index.php\/formulario-de-preadmision\/","title":{"rendered":"Formulario de Preadmisi\u00f3n"},"content":{"rendered":"[vc_row type=\u00bbin_container\u00bb full_screen_row_position=\u00bbmiddle\u00bb column_margin=\u00bb20px\u00bb equal_height=\u00bbyes\u00bb column_direction=\u00bbdefault\u00bb column_direction_tablet=\u00bbdefault\u00bb column_direction_phone=\u00bbdefault\u00bb scene_position=\u00bbcenter\u00bb text_color=\u00bbdark\u00bb text_align=\u00bbleft\u00bb row_border_radius=\u00bbnone\u00bb row_border_radius_applies=\u00bbbg\u00bb overlay_strength=\u00bb0.3&#8243; gradient_direction=\u00bbleft_to_right\u00bb shape_divider_position=\u00bbbottom\u00bb bg_image_animation=\u00bbnone\u00bb shape_type=\u00bb\u00bb][vc_column column_padding=\u00bbno-extra-padding\u00bb column_padding_tablet=\u00bbinherit\u00bb column_padding_phone=\u00bbinherit\u00bb column_padding_position=\u00bball\u00bb column_element_spacing=\u00bbdefault\u00bb background_color_opacity=\u00bb1&#8243; background_hover_color_opacity=\u00bb1&#8243; column_shadow=\u00bbnone\u00bb column_border_radius=\u00bbnone\u00bb column_link_target=\u00bb_self\u00bb gradient_direction=\u00bbleft_to_right\u00bb overlay_strength=\u00bb0.3&#8243; width=\u00bb1\/1&#8243; tablet_width_inherit=\u00bbdefault\u00bb tablet_text_alignment=\u00bbdefault\u00bb phone_text_alignment=\u00bbdefault\u00bb bg_image_animation=\u00bbnone\u00bb border_type=\u00bbsimple\u00bb column_border_width=\u00bbnone\u00bb column_border_style=\u00bbsolid\u00bb][vc_custom_heading text=\u00bbProceso de Admisi\u00f3n\u00bb font_container=\u00bbtag:h2|font_size:26|text_align:left\u00bb google_fonts=\u00bbfont_family:Montserrat%3Aregular%2C700|font_style:700%20bold%20regular%3A700%3Anormal\u00bb][vc_column_text]Bienvenido al sistema de admisiones del Colegio Armon\u00eda. A continuaci\u00f3n, le detallamos las etapas que recorrer\u00e1 desde su primera consulta hasta la inscripci\u00f3n definitiva.[\/vc_column_text][\/vc_column][\/vc_row][vc_row type=\u00bbin_container\u00bb full_screen_row_position=\u00bbmiddle\u00bb column_margin=\u00bb20px\u00bb equal_height=\u00bbyes\u00bb column_direction=\u00bbdefault\u00bb column_direction_tablet=\u00bbdefault\u00bb column_direction_phone=\u00bbdefault\u00bb full_height=\u00bbyes\u00bb scene_position=\u00bbcenter\u00bb text_color=\u00bbdark\u00bb text_align=\u00bbleft\u00bb row_border_radius=\u00bbnone\u00bb row_border_radius_applies=\u00bbbg\u00bb overlay_strength=\u00bb0.3&#8243; gradient_direction=\u00bbleft_to_right\u00bb shape_divider_position=\u00bbbottom\u00bb bg_image_animation=\u00bbnone\u00bb shape_type=\u00bb\u00bb][vc_column column_padding=\u00bbno-extra-padding\u00bb column_padding_tablet=\u00bbinherit\u00bb column_padding_phone=\u00bbinherit\u00bb column_padding_position=\u00bball\u00bb column_element_spacing=\u00bbdefault\u00bb background_color_opacity=\u00bb1&#8243; background_hover_color_opacity=\u00bb1&#8243; column_shadow=\u00bbnone\u00bb column_border_radius=\u00bbnone\u00bb column_link_target=\u00bb_self\u00bb gradient_direction=\u00bbleft_to_right\u00bb overlay_strength=\u00bb0.3&#8243; width=\u00bb1\/5&#8243; tablet_width_inherit=\u00bbdefault\u00bb tablet_text_alignment=\u00bbdefault\u00bb phone_text_alignment=\u00bbdefault\u00bb bg_image_animation=\u00bbnone\u00bb border_type=\u00bbsimple\u00bb column_border_width=\u00bbnone\u00bb column_border_style=\u00bbsolid\u00bb][image_with_animation image_url=\u00bb7594&#8243; animation=\u00bbNone\u00bb hover_animation=\u00bbnone\u00bb alignment=\u00bb\u00bb border_radius=\u00bbnone\u00bb box_shadow=\u00bbnone\u00bb image_loading=\u00bbdefault\u00bb max_width=\u00bbcustom\u00bb margin_bottom=\u00bb-20px\u00bb max_width_custom=\u00bb80%\u00bb][fancy_box box_style=\u00bbimage_above_text_underline\u00bb image_aspect_ratio=\u00bb16-9&#8243; border_radius=\u00bbnone\u00bb image_loading=\u00bbdefault\u00bb image_size=\u00bbfull\u00bb]\n<h6><span style=\"color: #c10500;\">Solicitud Inicial<\/span><\/h6>\n<p><strong>\ud83d\udccb Preadmisi\u00f3n:<\/strong><br \/>Completar el formulario de \u00abPreadmisi\u00f3n\u00bb con los datos b\u00e1sicos del aspirante.<\/p>\n<p><strong>\ud83d\udce9 Solicitud pendiente:<\/strong><br \/>El sistema registrar\u00e1 su solicitud para una primera evaluaci\u00f3n.<\/p>\n<p style=\"text-align: center;\"><a class=\"nectar-button n-sc-button medium #00ff00\" target=\"_blank\" href=\"https:\/\/colegioarmonia.edu.ar\/index.php\/formulario\/\" data-color-override=\"false\" data-hover-color-override=\"false\" data-hover-text-color-override=\"#fff\"><span>Acceder al formulario<\/span><\/a>\n[\/fancy_box][\/vc_column][vc_column column_padding=\u00bbno-extra-padding\u00bb column_padding_tablet=\u00bbinherit\u00bb column_padding_phone=\u00bbinherit\u00bb column_padding_position=\u00bball\u00bb column_element_spacing=\u00bbdefault\u00bb background_color_opacity=\u00bb1&#8243; background_hover_color_opacity=\u00bb1&#8243; column_shadow=\u00bbnone\u00bb column_border_radius=\u00bbnone\u00bb column_link_target=\u00bb_self\u00bb gradient_direction=\u00bbleft_to_right\u00bb overlay_strength=\u00bb0.3&#8243; width=\u00bb1\/5&#8243; tablet_width_inherit=\u00bbdefault\u00bb tablet_text_alignment=\u00bbdefault\u00bb phone_text_alignment=\u00bbdefault\u00bb bg_image_animation=\u00bbnone\u00bb border_type=\u00bbsimple\u00bb column_border_width=\u00bbnone\u00bb column_border_style=\u00bbsolid\u00bb][image_with_animation image_url=\u00bb7603&#8243; animation=\u00bbNone\u00bb hover_animation=\u00bbnone\u00bb alignment=\u00bb\u00bb border_radius=\u00bbnone\u00bb box_shadow=\u00bbnone\u00bb image_loading=\u00bbdefault\u00bb max_width=\u00bbcustom\u00bb margin_bottom=\u00bb-20&#8243; max_width_custom=\u00bb80%\u00bb][fancy_box box_style=\u00bbimage_above_text_underline\u00bb image_aspect_ratio=\u00bb16-9&#8243; border_radius=\u00bbdefault\u00bb image_loading=\u00bbdefault\u00bb image_size=\u00bbfull\u00bb]\n<h6><span style=\"color: #ddb510;\">Coordinaci\u00f3n de Entrevista<\/span><\/h6>\n<p><strong>\ud83d\udcc5 Reuni\u00f3n:<\/strong><br \/>Un representante se pondr\u00e1 en contacto con usted para agendar una entrevista pedag\u00f3gica en la instituci\u00f3n.<\/p>\n<p>Durante esta instancia:<\/p>\n<ul>\n<li>Se conoce al\/la alumno\/a en su dimensi\u00f3n emocional, social y acad\u00e9mica.<\/li>\n<li>Se comparte el proyecto educativo del Armon\u00eda Bilingual School, su enfoque pedag\u00f3gico, valores y din\u00e1mica institucional.<\/li>\n<li>Se eval\u00faa la compatibilidad entre las necesidades del alumno y la propuesta del colegio, priorizando siempre su bienestar y desarrollo integral.<\/li>\n<li>Se despejan dudas pedag\u00f3gicas y se acompa\u00f1a a la familia en el proceso de decisi\u00f3n.<\/li>\n<\/ul>\n[\/fancy_box][\/vc_column][vc_column column_padding=\u00bbno-extra-padding\u00bb column_padding_tablet=\u00bbinherit\u00bb column_padding_phone=\u00bbinherit\u00bb column_padding_position=\u00bball\u00bb column_element_spacing=\u00bbdefault\u00bb background_color_opacity=\u00bb1&#8243; background_hover_color_opacity=\u00bb1&#8243; column_shadow=\u00bbnone\u00bb column_border_radius=\u00bbnone\u00bb column_link_target=\u00bb_self\u00bb gradient_direction=\u00bbleft_to_right\u00bb overlay_strength=\u00bb0.3&#8243; width=\u00bb1\/5&#8243; tablet_width_inherit=\u00bbdefault\u00bb tablet_text_alignment=\u00bbdefault\u00bb phone_text_alignment=\u00bbdefault\u00bb bg_image_animation=\u00bbnone\u00bb border_type=\u00bbsimple\u00bb column_border_width=\u00bbnone\u00bb column_border_style=\u00bbsolid\u00bb][image_with_animation image_url=\u00bb7604&#8243; animation=\u00bbNone\u00bb hover_animation=\u00bbnone\u00bb alignment=\u00bb\u00bb border_radius=\u00bbnone\u00bb box_shadow=\u00bbnone\u00bb image_loading=\u00bbdefault\u00bb max_width=\u00bbcustom\u00bb margin_bottom=\u00bb-20&#8243; max_width_custom=\u00bb80%\u00bb][fancy_box box_style=\u00bbimage_above_text_underline\u00bb image_aspect_ratio=\u00bb16-9&#8243; border_radius=\u00bbdefault\u00bb image_loading=\u00bbdefault\u00bb image_size=\u00bbfull\u00bb]\n<h6><span style=\"color: #2e8704;\">Acceso al sistema de admisiones<\/span><\/h6>\n<p><strong>\ud83d\udd10 Acceso al Panel:<\/strong><br \/>Recibir\u00e1 un correo de bienvenida con un enlace para activar su cuenta y crear su contrase\u00f1a.<\/p>\n<p>En este espacio podr\u00e1 completar la informaci\u00f3n requerida para continuar con el proceso.<\/p>\n[\/fancy_box][\/vc_column][vc_column column_padding=\u00bbno-extra-padding\u00bb column_padding_tablet=\u00bbinherit\u00bb column_padding_phone=\u00bbinherit\u00bb column_padding_position=\u00bball\u00bb column_element_spacing=\u00bbdefault\u00bb background_color_opacity=\u00bb1&#8243; background_hover_color_opacity=\u00bb1&#8243; column_shadow=\u00bbnone\u00bb column_border_radius=\u00bbnone\u00bb column_link_target=\u00bb_self\u00bb gradient_direction=\u00bbleft_to_right\u00bb overlay_strength=\u00bb0.3&#8243; width=\u00bb1\/5&#8243; tablet_width_inherit=\u00bbdefault\u00bb tablet_text_alignment=\u00bbdefault\u00bb phone_text_alignment=\u00bbdefault\u00bb bg_image_animation=\u00bbnone\u00bb border_type=\u00bbsimple\u00bb column_border_width=\u00bbnone\u00bb column_border_style=\u00bbsolid\u00bb][image_with_animation image_url=\u00bb7605&#8243; animation=\u00bbNone\u00bb hover_animation=\u00bbnone\u00bb alignment=\u00bb\u00bb border_radius=\u00bbnone\u00bb box_shadow=\u00bbnone\u00bb image_loading=\u00bbdefault\u00bb max_width=\u00bbcustom\u00bb margin_bottom=\u00bb-20&#8243; max_width_custom=\u00bb80%\u00bb][fancy_box box_style=\u00bbimage_above_text_underline\u00bb image_aspect_ratio=\u00bb16-9&#8243; border_radius=\u00bbdefault\u00bb image_loading=\u00bbdefault\u00bb image_size=\u00bbfull\u00bb]\n<h6><span style=\"color: #043ca0;\">Admisi\u00f3n y Reserva de Vacante<\/span><\/h6>\n<p><strong>\ud83c\udfeb Aprobaci\u00f3n:<\/strong><br \/>Una vez aprobado el proceso de admisi\u00f3n, deber\u00e1 realizar el pago de la matr\u00edcula en la administraci\u00f3n del colegio para efectivizar la inscripci\u00f3n.<\/p>\n[\/fancy_box][\/vc_column][vc_column column_padding=\u00bbno-extra-padding\u00bb column_padding_tablet=\u00bbinherit\u00bb column_padding_phone=\u00bbinherit\u00bb column_padding_position=\u00bball\u00bb column_element_spacing=\u00bbdefault\u00bb background_color_opacity=\u00bb1&#8243; background_hover_color_opacity=\u00bb1&#8243; column_shadow=\u00bbnone\u00bb column_border_radius=\u00bbnone\u00bb column_link_target=\u00bb_self\u00bb gradient_direction=\u00bbleft_to_right\u00bb overlay_strength=\u00bb0.3&#8243; width=\u00bb1\/5&#8243; tablet_width_inherit=\u00bbdefault\u00bb tablet_text_alignment=\u00bbdefault\u00bb phone_text_alignment=\u00bbdefault\u00bb bg_image_animation=\u00bbnone\u00bb border_type=\u00bbsimple\u00bb column_border_width=\u00bbnone\u00bb column_border_style=\u00bbsolid\u00bb][image_with_animation image_url=\u00bb7606&#8243; animation=\u00bbNone\u00bb hover_animation=\u00bbnone\u00bb alignment=\u00bb\u00bb border_radius=\u00bbnone\u00bb box_shadow=\u00bbnone\u00bb image_loading=\u00bbdefault\u00bb max_width=\u00bbcustom\u00bb margin_bottom=\u00bb-20&#8243; max_width_custom=\u00bb80%\u00bb][fancy_box box_style=\u00bbimage_above_text_underline\u00bb image_aspect_ratio=\u00bb16-9&#8243; border_radius=\u00bbdefault\u00bb image_loading=\u00bbdefault\u00bb image_size=\u00bbfull\u00bb]\n<h6><span style=\"color: #eb9007;\">Confirmaci\u00f3n de admisi\u00f3n<\/span><\/h6>\n<p><strong>\u2705 \u00a1Felicidades!<\/strong><br \/>El alumno es aceptado y comienza formalmente su camino en el Armon\u00eda Bilingual School. Ver\u00e1 su estado finalizado con el icono de confirmaci\u00f3n de pago.<\/p>\n[\/fancy_box][\/vc_column][\/vc_row]\n","protected":false},"excerpt":{"rendered":"<p>[vc_row type=\u00bbin_container\u00bb full_screen_row_position=\u00bbmiddle\u00bb column_margin=\u00bb20px\u00bb equal_height=\u00bbyes\u00bb column_direction=\u00bbdefault\u00bb column_direction_tablet=\u00bbdefault\u00bb column_direction_phone=\u00bbdefault\u00bb scene_position=\u00bbcenter\u00bb text_color=\u00bbdark\u00bb text_align=\u00bbleft\u00bb row_border_radius=\u00bbnone\u00bb row_border_radius_applies=\u00bbbg\u00bb overlay_strength=\u00bb0.3&#8243; gradient_direction=\u00bbleft_to_right\u00bb shape_divider_position=\u00bbbottom\u00bb bg_image_animation=\u00bbnone\u00bb shape_type=\u00bb\u00bb][vc_column column_padding=\u00bbno-extra-padding\u00bb column_padding_tablet=\u00bbinherit\u00bb column_padding_phone=\u00bbinherit\u00bb column_padding_position=\u00bball\u00bb column_element_spacing=\u00bbdefault\u00bb background_color_opacity=\u00bb1&#8243; background_hover_color_opacity=\u00bb1&#8243; column_shadow=\u00bbnone\u00bb column_border_radius=\u00bbnone\u00bb column_link_target=\u00bb_self\u00bb gradient_direction=\u00bbleft_to_right\u00bb overlay_strength=\u00bb0.3&#8243;&#8230;<\/p>\n","protected":false},"author":3,"featured_media":0,"parent":0,"menu_order":0,"comment_status":"closed","ping_status":"closed","template":"","meta":{"om_disable_all_campaigns":false,"_monsterinsights_skip_tracking":false,"_monsterinsights_sitenote_active":false,"_monsterinsights_sitenote_note":"","_monsterinsights_sitenote_category":0,"_joinchat":[],"footnotes":""},"class_list":["post-7507","page","type-page","status-publish"],"_links":{"self":[{"href":"https:\/\/colegioarmonia.edu.ar\/index.php\/wp-json\/wp\/v2\/pages\/7507","targetHints":{"allow":["GET"]}}],"collection":[{"href":"https:\/\/colegioarmonia.edu.ar\/index.php\/wp-json\/wp\/v2\/pages"}],"about":[{"href":"https:\/\/colegioarmonia.edu.ar\/index.php\/wp-json\/wp\/v2\/types\/page"}],"author":[{"embeddable":true,"href":"https:\/\/colegioarmonia.edu.ar\/index.php\/wp-json\/wp\/v2\/users\/3"}],"replies":[{"embeddable":true,"href":"https:\/\/colegioarmonia.edu.ar\/index.php\/wp-json\/wp\/v2\/comments?post=7507"}],"version-history":[{"count":0,"href":"https:\/\/colegioarmonia.edu.ar\/index.php\/wp-json\/wp\/v2\/pages\/7507\/revisions"}],"wp:attachment":[{"href":"https:\/\/colegioarmonia.edu.ar\/index.php\/wp-json\/wp\/v2\/media?parent=7507"}],"curies":[{"name":"wp","href":"https:\/\/api.w.org\/{rel}","templated":true}]}}