{"id":6639,"date":"2025-01-31T10:47:39","date_gmt":"2025-01-31T13:47:39","guid":{"rendered":"https:\/\/colegioarmonia.edu.ar\/web\/?page_id=6639"},"modified":"2025-06-17T21:48:34","modified_gmt":"2025-06-18T00:48:34","slug":"nursery","status":"publish","type":"page","link":"https:\/\/colegioarmonia.edu.ar\/index.php\/nursery\/","title":{"rendered":"Nursery"},"content":{"rendered":"[vc_row type=\u00bbin_container\u00bb full_screen_row_position=\u00bbmiddle\u00bb column_margin=\u00bbdefault\u00bb column_direction=\u00bbdefault\u00bb column_direction_tablet=\u00bbdefault\u00bb column_direction_phone=\u00bbdefault\u00bb scene_position=\u00bbcenter\u00bb top_padding=\u00bb40px\u00bb text_color=\u00bbdark\u00bb text_align=\u00bbleft\u00bb row_border_radius=\u00bbnone\u00bb row_border_radius_applies=\u00bbbg\u00bb overlay_strength=\u00bb0.3&#8243; gradient_direction=\u00bbleft_to_right\u00bb shape_divider_position=\u00bbbottom\u00bb bg_image_animation=\u00bbnone\u00bb shape_type=\u00bb\u00bb][vc_column column_padding=\u00bbno-extra-padding\u00bb column_padding_tablet=\u00bbinherit\u00bb column_padding_phone=\u00bbinherit\u00bb column_padding_position=\u00bball\u00bb column_element_spacing=\u00bbdefault\u00bb background_color_opacity=\u00bb1&#8243; background_hover_color_opacity=\u00bb1&#8243; column_shadow=\u00bbnone\u00bb column_border_radius=\u00bbnone\u00bb column_link_target=\u00bb_self\u00bb gradient_direction=\u00bbleft_to_right\u00bb overlay_strength=\u00bb0.3&#8243; width=\u00bb1\/1&#8243; tablet_width_inherit=\u00bbdefault\u00bb tablet_text_alignment=\u00bbdefault\u00bb phone_text_alignment=\u00bbdefault\u00bb bg_image_animation=\u00bbnone\u00bb border_type=\u00bbsimple\u00bb column_border_width=\u00bbnone\u00bb column_border_style=\u00bbsolid\u00bb offset=\u00bbvc_hidden-xs\u00bb][tabbed_section style=\u00bbvertical_scrolling\u00bb tab_color=\u00bbAccent-Color\u00bb vs_navigation_width=\u00bbregular\u00bb vs_navigation_spacing=\u00bb15px\u00bb vs_navigation_mobile_display=\u00bbvisible\u00bb vs_tab_spacing=\u00bb10%\u00bb vs_tab_tag=\u00bbp\u00bb][tab icon_family=\u00bbnone\u00bb title=\u00bbProyecto educativo\u00bb id=\u00bb1743431166742-4&#8243; tab_id=\u00bb1743431166742-10&#8243;][vc_row_inner column_margin=\u00bbdefault\u00bb column_direction=\u00bbdefault\u00bb column_direction_tablet=\u00bbdefault\u00bb column_direction_phone=\u00bbdefault\u00bb text_align=\u00bbleft\u00bb][vc_column_inner column_padding=\u00bbno-extra-padding\u00bb column_padding_tablet=\u00bbinherit\u00bb column_padding_phone=\u00bbinherit\u00bb column_padding_position=\u00bbtop\u00bb column_element_spacing=\u00bbdefault\u00bb background_color_opacity=\u00bb1&#8243; background_hover_color_opacity=\u00bb1&#8243; column_shadow=\u00bbnone\u00bb column_border_radius=\u00bbnone\u00bb column_link_target=\u00bb_self\u00bb gradient_direction=\u00bbleft_to_right\u00bb overlay_strength=\u00bb0.3&#8243; width=\u00bb1\/2&#8243; tablet_width_inherit=\u00bbdefault\u00bb bg_image_animation=\u00bbnone\u00bb border_type=\u00bbsimple\u00bb column_border_width=\u00bbnone\u00bb column_border_style=\u00bbsolid\u00bb][vc_video link=\u00bbhttps:\/\/youtube.com\/shorts\/5UkkqvGLVKY?feature=share\u00bb el_aspect=\u00bb43&#8243;][\/vc_column_inner][vc_column_inner column_padding=\u00bbno-extra-padding\u00bb column_padding_tablet=\u00bbinherit\u00bb column_padding_phone=\u00bbinherit\u00bb column_padding_position=\u00bball\u00bb column_element_spacing=\u00bbdefault\u00bb background_color_opacity=\u00bb1&#8243; background_hover_color_opacity=\u00bb1&#8243; column_shadow=\u00bbnone\u00bb column_border_radius=\u00bbnone\u00bb column_link_target=\u00bb_self\u00bb gradient_direction=\u00bbleft_to_right\u00bb overlay_strength=\u00bb0.3&#8243; width=\u00bb1\/2&#8243; tablet_width_inherit=\u00bbdefault\u00bb bg_image_animation=\u00bbnone\u00bb border_type=\u00bbsimple\u00bb column_border_width=\u00bbnone\u00bb column_border_style=\u00bbsolid\u00bb][vc_column_text]\n<p data-renderer-start-pos=\"1\"><strong data-renderer-mark=\"true\">Proyecto educativo<\/strong><\/p>\n<p data-renderer-start-pos=\"34\">Brindamos un espacio de cuidado para ni\u00f1os a partir de los 10 meses, donde acompa\u00f1amos su crecimiento y creatividad en un ambiente de respeto, afecto y contenci\u00f3n.<\/p>\n<p data-renderer-start-pos=\"199\"><strong data-renderer-mark=\"true\">Formaci\u00f3n personal y social<\/strong><br \/>\nPromovemos la participaci\u00f3n activa en situaciones cotidianas. Iniciarse en h\u00e1bitos y rutinas favorece el desarrollo de la autonom\u00eda, la seguridad y la confianza en s\u00ed mismos.<\/p>\n<p data-renderer-start-pos=\"403\"><strong data-renderer-mark=\"true\">Comunicaci\u00f3n y expresi\u00f3n<\/strong><br \/>\nExploramos a trav\u00e9s del arte y el juego simb\u00f3lico, entendiendo la expresi\u00f3n art\u00edstica como una forma de comunicaci\u00f3n aut\u00e9ntica y significativa.<\/p>\n<p data-renderer-start-pos=\"573\"><strong data-renderer-mark=\"true\">Educaci\u00f3n biling\u00fce<\/strong><br \/>\nDesde Nursery y Kinder, los ni\u00f1os participan de experiencias de formaci\u00f3n biling\u00fce adaptadas a su edad, a trav\u00e9s de juegos, canciones, dramatizaciones y otras estrategias did\u00e1cticas que enriquecen su lenguaje desde los primeros a\u00f1os.<\/p>\n<p data-renderer-start-pos=\"827\"><strong data-renderer-mark=\"true\">El juego<\/strong><br \/>\nConsideramos el juego como un pilar fundamental en el proceso de ense\u00f1anza-aprendizaje. A trav\u00e9s de \u00e9l, los ni\u00f1os recrean situaciones de la vida cotidiana, exploran roles, resuelven problemas y desarrollan habilidades sociales y cognitivas.<\/p>\n<p data-renderer-start-pos=\"1078\"><strong data-renderer-mark=\"true\">Exploraci\u00f3n<\/strong><br \/>\nEl espacio cumple el rol de \u201ctercer educador\u201d, est\u00e1 cuidadosamente dise\u00f1ado para invitar a investigar, crear, conocer, explorar y jugar de manera activa y libre.<\/p>\n<p data-renderer-start-pos=\"1253\"><strong data-renderer-mark=\"true\">Desarrollo motriz<\/strong><br \/>\nProponemos situaciones de ense\u00f1anza que estimulan tanto la motricidad fina como la gruesa, fortaleciendo la autonom\u00eda, la coordinaci\u00f3n, y la conciencia corporal, al tiempo que promueven un v\u00ednculo positivo con el propio cuerpo y el entorno.[\/vc_column_text][\/vc_column_inner][\/vc_row_inner][\/tab][tab icon_family=\u00bbnone\u00bb title=\u00bbExploraci\u00f3n temprana del ambiente\u00bb id=\u00bb1743431166806-1&#8243; tab_id=\u00bb1743431166807-0&#8243;][vc_row_inner column_margin=\u00bbdefault\u00bb column_direction=\u00bbdefault\u00bb column_direction_tablet=\u00bbdefault\u00bb column_direction_phone=\u00bbdefault\u00bb text_align=\u00bbleft\u00bb][vc_column_inner column_padding=\u00bbno-extra-padding\u00bb column_padding_tablet=\u00bbinherit\u00bb column_padding_phone=\u00bbinherit\u00bb column_padding_position=\u00bball\u00bb column_element_spacing=\u00bbdefault\u00bb background_color_opacity=\u00bb1&#8243; background_hover_color_opacity=\u00bb1&#8243; column_shadow=\u00bbnone\u00bb column_border_radius=\u00bbnone\u00bb column_link_target=\u00bb_self\u00bb gradient_direction=\u00bbleft_to_right\u00bb overlay_strength=\u00bb0.3&#8243; width=\u00bb1\/2&#8243; tablet_width_inherit=\u00bbdefault\u00bb bg_image_animation=\u00bbnone\u00bb border_type=\u00bbsimple\u00bb column_border_width=\u00bbnone\u00bb column_border_style=\u00bbsolid\u00bb][vc_video link=\u00bbhttps:\/\/www.youtube.com\/shorts\/eHhY_pcHi0U\u00bb el_aspect=\u00bb43&#8243;][\/vc_column_inner][vc_column_inner column_padding=\u00bbno-extra-padding\u00bb column_padding_tablet=\u00bbinherit\u00bb column_padding_phone=\u00bbinherit\u00bb column_padding_position=\u00bball\u00bb column_element_spacing=\u00bbdefault\u00bb background_color_opacity=\u00bb1&#8243; background_hover_color_opacity=\u00bb1&#8243; column_shadow=\u00bbnone\u00bb column_border_radius=\u00bbnone\u00bb column_link_target=\u00bb_self\u00bb gradient_direction=\u00bbleft_to_right\u00bb overlay_strength=\u00bb0.3&#8243; width=\u00bb1\/2&#8243; tablet_width_inherit=\u00bbdefault\u00bb bg_image_animation=\u00bbnone\u00bb border_type=\u00bbsimple\u00bb column_border_width=\u00bbnone\u00bb column_border_style=\u00bbsolid\u00bb][vc_column_text]<strong>Exploraci\u00f3n temprana del ambiente<\/strong><br \/>\nEntre otras actividades, en Kintergarden buscamos favorecer y acompa\u00f1ar a los m\u00e1s chicos en el proceso de descubrimiento, observaci\u00f3n y exploraci\u00f3n de la naturaleza, desde una mirada ecol\u00f3gica.<br \/>\n\u201cEl objetivo principal es guiar a los ni\u00f1os la observaci\u00f3n, exploraci\u00f3n y experimentaci\u00f3n directa de la naturaleza lo cual, adem\u00e1s, es parte necesaria en el desarrollo cognitivo y emocional infantil. Mediante diferentes propuestas y abordajes, a lo largo del a\u00f1o lectivo los acompa\u00f1amos en ese descubrimiento vali\u00e9ndonos de elementos tales como tierra, arena, hojas, plantas, ramas, troncos, semillas, pi\u00f1as, entre otros, tanto en el aula como en las \u00e1reas verdes del colegio\u201d, se\u00f1ala Sabrina Lofrano, directora del Nivel Inicial.<\/p>\n<p>En Armon\u00eda Bilingual School nos inspira la visi\u00f3n de desarrollar las condiciones que permitan a nuestros estudiantes experimentar un viaje educativo trascendente.[\/vc_column_text][\/vc_column_inner][\/vc_row_inner][\/tab][tab icon_family=\u00bbnone\u00bb title=\u00bbPeque\u00f1os Lectores\u00bb id=\u00bb1743431166841-2&#8243; tab_id=\u00bb1743431166841-5&#8243;][vc_row_inner column_margin=\u00bbdefault\u00bb column_direction=\u00bbdefault\u00bb column_direction_tablet=\u00bbdefault\u00bb column_direction_phone=\u00bbdefault\u00bb text_align=\u00bbleft\u00bb][vc_column_inner column_padding=\u00bbno-extra-padding\u00bb column_padding_tablet=\u00bbinherit\u00bb column_padding_phone=\u00bbinherit\u00bb column_padding_position=\u00bball\u00bb column_element_spacing=\u00bbdefault\u00bb background_color_opacity=\u00bb1&#8243; background_hover_color_opacity=\u00bb1&#8243; column_shadow=\u00bbnone\u00bb column_border_radius=\u00bbnone\u00bb column_link_target=\u00bb_self\u00bb gradient_direction=\u00bbleft_to_right\u00bb overlay_strength=\u00bb0.3&#8243; width=\u00bb1\/2&#8243; tablet_width_inherit=\u00bbdefault\u00bb bg_image_animation=\u00bbnone\u00bb border_type=\u00bbsimple\u00bb column_border_width=\u00bbnone\u00bb column_border_style=\u00bbsolid\u00bb][vc_column_text]<strong>Peque\u00f1os Lectores<\/strong><\/p>\n<p data-renderer-start-pos=\"34\">El proyecto \u201cPeque\u00f1os Lectores\u201d tiene como objetivo iniciar a los ni\u00f1os y ni\u00f1as de Nursery School en el disfrute y el placer por la lectura. D\u00eda a d\u00eda, la curiosidad por los cuentos crece, y los momentos compartidos enriquecen esta experiencia. Recibimos la visita de familias que se suman leyendo en voz alta, y tambi\u00e9n realizamos encuentros con la Sala de 5 del Kindergarten, donde los chicos y chicas disfrutan de relatos m\u00e1s extensos.<\/p>\n<p data-renderer-start-pos=\"474\">Como parte del proyecto, las maestras confeccionan un libro personalizado para cada familia, que se llevan a casa como recuerdo de esta etapa tan especial.<\/p>\n<p data-renderer-start-pos=\"631\">Nuestra Nursery School ofrece una pedagog\u00eda centrada en la curiosidad y las capacidades de los ni\u00f1os, acompa\u00f1\u00e1ndolos en el desarrollo de habilidades en un entorno de afecto y respeto.<\/p>\n<p data-renderer-start-pos=\"816\">En Armon\u00eda Bilingual School nos inspira la visi\u00f3n de crear las condiciones necesarias para que cada estudiante viva un viaje educativo significativo y trascendente.<\/p>\n[\/vc_column_text][\/vc_column_inner][vc_column_inner column_padding=\u00bbno-extra-padding\u00bb column_padding_tablet=\u00bbinherit\u00bb column_padding_phone=\u00bbinherit\u00bb column_padding_position=\u00bball\u00bb column_element_spacing=\u00bbdefault\u00bb background_color_opacity=\u00bb1&#8243; background_hover_color_opacity=\u00bb1&#8243; column_shadow=\u00bbnone\u00bb column_border_radius=\u00bbnone\u00bb column_link_target=\u00bb_self\u00bb gradient_direction=\u00bbleft_to_right\u00bb overlay_strength=\u00bb0.3&#8243; width=\u00bb1\/2&#8243; tablet_width_inherit=\u00bbdefault\u00bb bg_image_animation=\u00bbnone\u00bb border_type=\u00bbsimple\u00bb column_border_width=\u00bbnone\u00bb column_border_style=\u00bbsolid\u00bb][vc_video link=\u00bbhttps:\/\/youtube.com\/shorts\/k_tvbkGSlIw?feature=share\u00bb el_aspect=\u00bb43&#8243;][\/vc_column_inner][\/vc_row_inner][\/tab][\/tabbed_section][\/vc_column][\/vc_row][vc_row type=\u00bbin_container\u00bb full_screen_row_position=\u00bbmiddle\u00bb column_margin=\u00bbdefault\u00bb column_direction=\u00bbdefault\u00bb column_direction_tablet=\u00bbdefault\u00bb column_direction_phone=\u00bbdefault\u00bb scene_position=\u00bbcenter\u00bb text_color=\u00bbdark\u00bb text_align=\u00bbleft\u00bb row_border_radius=\u00bbnone\u00bb row_border_radius_applies=\u00bbbg\u00bb overlay_strength=\u00bb0.3&#8243; gradient_direction=\u00bbleft_to_right\u00bb shape_divider_position=\u00bbbottom\u00bb bg_image_animation=\u00bbnone\u00bb][vc_column column_padding=\u00bbpadding-1-percent\u00bb column_padding_tablet=\u00bbinherit\u00bb column_padding_phone=\u00bbinherit\u00bb column_padding_position=\u00bball\u00bb column_element_spacing=\u00bbdefault\u00bb background_color_opacity=\u00bb1&#8243; background_hover_color_opacity=\u00bb1&#8243; column_shadow=\u00bbnone\u00bb column_border_radius=\u00bbnone\u00bb column_link_target=\u00bb_self\u00bb gradient_direction=\u00bbleft_to_right\u00bb overlay_strength=\u00bb0.3&#8243; width=\u00bb1\/4&#8243; tablet_width_inherit=\u00bbdefault\u00bb tablet_text_alignment=\u00bbdefault\u00bb phone_text_alignment=\u00bbdefault\u00bb bg_image_animation=\u00bbnone\u00bb border_type=\u00bbsimple\u00bb column_border_width=\u00bbnone\u00bb column_border_style=\u00bbsolid\u00bb][nectar_blog layout=\u00bbmasonry-blog-fullwidth\u00bb blog_masonry_style=\u00bbmaterial\u00bb load_in_animation=\u00bbnone\u00bb category=\u00bbnurserykinder\u00bb order=\u00bbDESC\u00bb orderby=\u00bbdate\u00bb blog_remove_post_date=\u00bbtrue\u00bb blog_remove_post_author=\u00bbtrue\u00bb blog_remove_post_comment_number=\u00bbtrue\u00bb blog_remove_post_nectar_love=\u00bbtrue\u00bb posts_per_page=\u00bb1&#8243;][\/vc_column][vc_column column_padding=\u00bbpadding-1-percent\u00bb column_padding_tablet=\u00bbinherit\u00bb column_padding_phone=\u00bbinherit\u00bb column_padding_position=\u00bball\u00bb column_element_spacing=\u00bbdefault\u00bb background_color_opacity=\u00bb1&#8243; background_hover_color_opacity=\u00bb1&#8243; column_shadow=\u00bbnone\u00bb column_border_radius=\u00bbnone\u00bb column_link_target=\u00bb_self\u00bb gradient_direction=\u00bbleft_to_right\u00bb overlay_strength=\u00bb0.3&#8243; width=\u00bb1\/4&#8243; tablet_width_inherit=\u00bbdefault\u00bb tablet_text_alignment=\u00bbdefault\u00bb phone_text_alignment=\u00bbdefault\u00bb bg_image_animation=\u00bbnone\u00bb border_type=\u00bbsimple\u00bb column_border_width=\u00bbnone\u00bb column_border_style=\u00bbsolid\u00bb][nectar_blog layout=\u00bbmasonry-blog-fullwidth\u00bb blog_masonry_style=\u00bbmaterial\u00bb load_in_animation=\u00bbnone\u00bb category=\u00bbnurserykinder\u00bb order=\u00bbDESC\u00bb orderby=\u00bbdate\u00bb blog_remove_post_date=\u00bbtrue\u00bb blog_remove_post_author=\u00bbtrue\u00bb blog_remove_post_comment_number=\u00bbtrue\u00bb blog_remove_post_nectar_love=\u00bbtrue\u00bb posts_per_page=\u00bb1&#8243; post_offset=\u00bb1&#8243;][\/vc_column][vc_column column_padding=\u00bbpadding-1-percent\u00bb column_padding_tablet=\u00bbinherit\u00bb column_padding_phone=\u00bbinherit\u00bb column_padding_position=\u00bball\u00bb column_element_spacing=\u00bbdefault\u00bb background_color_opacity=\u00bb1&#8243; background_hover_color_opacity=\u00bb1&#8243; column_shadow=\u00bbnone\u00bb column_border_radius=\u00bbnone\u00bb column_link_target=\u00bb_self\u00bb gradient_direction=\u00bbleft_to_right\u00bb overlay_strength=\u00bb0.3&#8243; width=\u00bb1\/4&#8243; tablet_width_inherit=\u00bbdefault\u00bb tablet_text_alignment=\u00bbdefault\u00bb phone_text_alignment=\u00bbdefault\u00bb bg_image_animation=\u00bbnone\u00bb border_type=\u00bbsimple\u00bb column_border_width=\u00bbnone\u00bb column_border_style=\u00bbsolid\u00bb][nectar_blog layout=\u00bbmasonry-blog-fullwidth\u00bb blog_masonry_style=\u00bbmaterial\u00bb load_in_animation=\u00bbnone\u00bb category=\u00bbnurserykinder\u00bb order=\u00bbDESC\u00bb orderby=\u00bbdate\u00bb blog_remove_post_date=\u00bbtrue\u00bb blog_remove_post_author=\u00bbtrue\u00bb blog_remove_post_comment_number=\u00bbtrue\u00bb blog_remove_post_nectar_love=\u00bbtrue\u00bb posts_per_page=\u00bb1&#8243; post_offset=\u00bb2&#8243;][\/vc_column][vc_column column_padding=\u00bbpadding-1-percent\u00bb column_padding_tablet=\u00bbinherit\u00bb column_padding_phone=\u00bbinherit\u00bb column_padding_position=\u00bball\u00bb column_element_spacing=\u00bbdefault\u00bb background_color_opacity=\u00bb1&#8243; background_hover_color_opacity=\u00bb1&#8243; column_shadow=\u00bbnone\u00bb column_border_radius=\u00bbnone\u00bb column_link_target=\u00bb_self\u00bb gradient_direction=\u00bbleft_to_right\u00bb overlay_strength=\u00bb0.3&#8243; width=\u00bb1\/4&#8243; tablet_width_inherit=\u00bbdefault\u00bb tablet_text_alignment=\u00bbdefault\u00bb phone_text_alignment=\u00bbdefault\u00bb bg_image_animation=\u00bbnone\u00bb border_type=\u00bbsimple\u00bb column_border_width=\u00bbnone\u00bb column_border_style=\u00bbsolid\u00bb][nectar_blog layout=\u00bbmasonry-blog-fullwidth\u00bb blog_masonry_style=\u00bbmaterial\u00bb load_in_animation=\u00bbnone\u00bb category=\u00bbnurserykinder\u00bb order=\u00bbDESC\u00bb orderby=\u00bbdate\u00bb blog_remove_post_date=\u00bbtrue\u00bb blog_remove_post_author=\u00bbtrue\u00bb blog_remove_post_comment_number=\u00bbtrue\u00bb blog_remove_post_nectar_love=\u00bbtrue\u00bb posts_per_page=\u00bb1&#8243; post_offset=\u00bb3&#8243;][\/vc_column][\/vc_row]\n","protected":false},"excerpt":{"rendered":"<p>[vc_row type=\u00bbin_container\u00bb full_screen_row_position=\u00bbmiddle\u00bb column_margin=\u00bbdefault\u00bb column_direction=\u00bbdefault\u00bb column_direction_tablet=\u00bbdefault\u00bb column_direction_phone=\u00bbdefault\u00bb scene_position=\u00bbcenter\u00bb top_padding=\u00bb40px\u00bb text_color=\u00bbdark\u00bb text_align=\u00bbleft\u00bb row_border_radius=\u00bbnone\u00bb row_border_radius_applies=\u00bbbg\u00bb overlay_strength=\u00bb0.3&#8243; gradient_direction=\u00bbleft_to_right\u00bb shape_divider_position=\u00bbbottom\u00bb bg_image_animation=\u00bbnone\u00bb shape_type=\u00bb\u00bb][vc_column column_padding=\u00bbno-extra-padding\u00bb column_padding_tablet=\u00bbinherit\u00bb column_padding_phone=\u00bbinherit\u00bb column_padding_position=\u00bball\u00bb column_element_spacing=\u00bbdefault\u00bb background_color_opacity=\u00bb1&#8243; background_hover_color_opacity=\u00bb1&#8243; column_shadow=\u00bbnone\u00bb column_border_radius=\u00bbnone\u00bb column_link_target=\u00bb_self\u00bb gradient_direction=\u00bbleft_to_right\u00bb overlay_strength=\u00bb0.3&#8243;&#8230;<\/p>\n","protected":false},"author":3,"featured_media":0,"parent":0,"menu_order":0,"comment_status":"closed","ping_status":"closed","template":"","meta":{"om_disable_all_campaigns":false,"_monsterinsights_skip_tracking":false,"_monsterinsights_sitenote_active":false,"_monsterinsights_sitenote_note":"","_monsterinsights_sitenote_category":0,"_joinchat":[],"footnotes":""},"class_list":["post-6639","page","type-page","status-publish"],"_links":{"self":[{"href":"https:\/\/colegioarmonia.edu.ar\/index.php\/wp-json\/wp\/v2\/pages\/6639","targetHints":{"allow":["GET"]}}],"collection":[{"href":"https:\/\/colegioarmonia.edu.ar\/index.php\/wp-json\/wp\/v2\/pages"}],"about":[{"href":"https:\/\/colegioarmonia.edu.ar\/index.php\/wp-json\/wp\/v2\/types\/page"}],"author":[{"embeddable":true,"href":"https:\/\/colegioarmonia.edu.ar\/index.php\/wp-json\/wp\/v2\/users\/3"}],"replies":[{"embeddable":true,"href":"https:\/\/colegioarmonia.edu.ar\/index.php\/wp-json\/wp\/v2\/comments?post=6639"}],"version-history":[{"count":0,"href":"https:\/\/colegioarmonia.edu.ar\/index.php\/wp-json\/wp\/v2\/pages\/6639\/revisions"}],"wp:attachment":[{"href":"https:\/\/colegioarmonia.edu.ar\/index.php\/wp-json\/wp\/v2\/media?parent=6639"}],"curies":[{"name":"wp","href":"https:\/\/api.w.org\/{rel}","templated":true}]}}