{"id":6506,"date":"2025-02-03T12:53:17","date_gmt":"2025-02-03T15:53:17","guid":{"rendered":"https:\/\/colegioarmonia.edu.ar\/wp\/?page_id=6506"},"modified":"2025-02-03T12:53:17","modified_gmt":"2025-02-03T15:53:17","slug":"aulas-digitales-2","status":"publish","type":"page","link":"https:\/\/colegioarmonia.edu.ar\/index.php\/aulas-digitales-2\/","title":{"rendered":"Aulas digitales"},"content":{"rendered":"[vc_row type=\u00bbfull_width_content\u00bb full_screen_row_position=\u00bbmiddle\u00bb column_margin=\u00bbdefault\u00bb equal_height=\u00bbyes\u00bb content_placement=\u00bbmiddle\u00bb column_direction=\u00bbdefault\u00bb column_direction_tablet=\u00bbdefault\u00bb column_direction_phone=\u00bbdefault\u00bb scene_position=\u00bbcenter\u00bb text_color=\u00bbdark\u00bb text_align=\u00bbleft\u00bb row_border_radius=\u00bbnone\u00bb row_border_radius_applies=\u00bbbg\u00bb overlay_strength=\u00bb0.3&#8243; gradient_direction=\u00bbleft_to_right\u00bb shape_divider_position=\u00bbbottom\u00bb bg_image_animation=\u00bbnone\u00bb shape_type=\u00bb\u00bb][vc_column column_padding=\u00bbpadding-12-percent\u00bb column_padding_tablet=\u00bbinherit\u00bb column_padding_phone=\u00bbinherit\u00bb column_padding_position=\u00bball\u00bb column_element_spacing=\u00bbdefault\u00bb background_color=\u00bb#469ad6&#8243; background_color_opacity=\u00bb0.1&#8243; background_hover_color_opacity=\u00bb1&#8243; column_shadow=\u00bbnone\u00bb column_border_radius=\u00bbnone\u00bb column_link_target=\u00bb_self\u00bb gradient_direction=\u00bbleft_t_to_right_b\u00bb overlay_strength=\u00bb1&#8243; width=\u00bb7\/12&#8243; tablet_width_inherit=\u00bbdefault\u00bb tablet_text_alignment=\u00bbdefault\u00bb phone_text_alignment=\u00bbdefault\u00bb bg_image_animation=\u00bbnone\u00bb border_type=\u00bbsimple\u00bb column_border_width=\u00bbnone\u00bb column_border_style=\u00bbsolid\u00bb translate_y=\u00bb20px\u00bb translate_x=\u00bb10%\u00bb translate_y_tablet=\u00bb30px\u00bb translate_x_tablet=\u00bb0px\u00bb translate_x_phone=\u00bbnonw\u00bb][vc_row_inner column_margin=\u00bbdefault\u00bb column_direction=\u00bbdefault\u00bb column_direction_tablet=\u00bbdefault\u00bb column_direction_phone=\u00bbdefault\u00bb translate_x=\u00bb-15%\u00bb translate_x_tablet=\u00bb0%\u00bb translate_x_phone=\u00bb0%\u00bb text_align=\u00bbleft\u00bb][vc_column_inner column_padding=\u00bbno-extra-padding\u00bb column_padding_tablet=\u00bbinherit\u00bb column_padding_phone=\u00bbinherit\u00bb column_padding_position=\u00bball\u00bb column_element_spacing=\u00bbdefault\u00bb background_color_opacity=\u00bb1&#8243; background_hover_color_opacity=\u00bb1&#8243; column_shadow=\u00bbnone\u00bb column_border_radius=\u00bbnone\u00bb column_link_target=\u00bb_self\u00bb gradient_direction=\u00bbleft_to_right\u00bb overlay_strength=\u00bb0.3&#8243; width=\u00bb1\/1&#8243; tablet_width_inherit=\u00bbdefault\u00bb bg_image_animation=\u00bbnone\u00bb border_type=\u00bbsimple\u00bb column_border_width=\u00bbnone\u00bb column_border_style=\u00bbsolid\u00bb][vc_column_text css_animation=\u00bbnone\u00bb css=\u00bb.vc_custom_1638877622064{margin-bottom: 40px !important;}\u00bb max_width=\u00bb550&#8243;]\n<h2>Google for education<\/h2>\n[\/vc_column_text][vc_column_text css_animation=\u00bbnone\u00bb css=\u00bb.vc_custom_1639072713870{margin-bottom: 40px !important;}\u00bb max_width=\u00bb550&#8243;]<span style=\"font-weight: 400;\">Junto al partner <\/span><a href=\"http:\/\/www.aulasdigitales.com.ar\"><span style=\"font-weight: 400;\">aulas digitales<\/span><\/a><span style=\"font-weight: 400;\"> el colegio implement\u00f3 en el inicio del ciclo 2020, el despliegue de la plataforma de <em>Google For Education <\/em><\/span><span style=\"font-weight: 400;\">de manera completa en todos los niveles educativos del colegio. Esta decisi\u00f3n gener\u00f3 un impacto relevante y facilitador en momentos de pandemia para asegurar la continuidad en el acto pedag\u00f3gico.\u00a0 Siendo el alumno el centro del proceso de aprendizaje, el docente un facilitador y la familia colaboradora,\u00a0 Google aport\u00f3 la tecnolog\u00eda en todo el proceso convirti\u00e9ndose en la herramienta de respaldo y la gran\u00a0 fortaleza para el desarrollo educativo.\u00a0\u00a0<\/span>[\/vc_column_text][nectar_cta btn_style=\u00bbarrow-animation\u00bb heading_tag=\u00bbh5&#8243; text_color=\u00bb#000000&#8243; button_color=\u00bbdefault\u00bb link_type=\u00bbvideo_lightbox\u00bb alignment=\u00bbleft\u00bb alignment_tablet=\u00bbdefault\u00bb alignment_phone=\u00bbdefault\u00bb display=\u00bbblock\u00bb link_text=\u00bbver m\u00e1s\u00bb url=\u00bbhttps:\/\/www.youtube.com\/watch?v=RDC1ZFFhZq8&#8243;][\/vc_column_inner][\/vc_row_inner][\/vc_column][vc_column column_padding=\u00bbno-extra-padding\u00bb column_padding_tablet=\u00bbinherit\u00bb column_padding_phone=\u00bbinherit\u00bb column_padding_position=\u00bball\u00bb column_element_spacing=\u00bbdefault\u00bb background_color_opacity=\u00bb1&#8243; background_hover_color_opacity=\u00bb1&#8243; column_shadow=\u00bbnone\u00bb column_border_radius=\u00bbnone\u00bb column_link_target=\u00bb_self\u00bb zindex=\u00bb100&#8243; gradient_direction=\u00bbleft_to_right\u00bb overlay_strength=\u00bb0.3&#8243; width=\u00bb5\/12&#8243; tablet_width_inherit=\u00bbdefault\u00bb tablet_text_alignment=\u00bbdefault\u00bb phone_text_alignment=\u00bbdefault\u00bb bg_image_animation=\u00bbnone\u00bb border_type=\u00bbsimple\u00bb column_border_width=\u00bbnone\u00bb column_border_style=\u00bbsolid\u00bb][vc_row_inner column_margin=\u00bbdefault\u00bb column_direction=\u00bbdefault\u00bb column_direction_tablet=\u00bbdefault\u00bb column_direction_phone=\u00bbdefault\u00bb text_align=\u00bbleft\u00bb][vc_column_inner column_padding=\u00bbno-extra-padding\u00bb column_padding_tablet=\u00bbinherit\u00bb column_padding_phone=\u00bbinherit\u00bb column_padding_position=\u00bball\u00bb column_element_spacing=\u00bbdefault\u00bb background_color_opacity=\u00bb1&#8243; background_hover_color_opacity=\u00bb1&#8243; column_shadow=\u00bbnone\u00bb column_border_radius=\u00bbnone\u00bb column_link_target=\u00bb_self\u00bb gradient_direction=\u00bbleft_to_right\u00bb overlay_strength=\u00bb0.3&#8243; width=\u00bb1\/1&#8243; tablet_width_inherit=\u00bbdefault\u00bb bg_image_animation=\u00bbnone\u00bb border_type=\u00bbsimple\u00bb column_border_width=\u00bbnone\u00bb column_border_style=\u00bbsolid\u00bb][image_with_animation image_url=\u00bb6065&#8243; animation=\u00bbro-reveal-from-right\u00bb hover_animation=\u00bbnone\u00bb alignment=\u00bbright\u00bb border_radius=\u00bbnone\u00bb image_loading=\u00bbdefault\u00bb max_width=\u00bb125%\u00bb max_width_mobile=\u00bbdefault\u00bb margin_top=\u00bb25%\u00bb margin_bottom=\u00bb25%\u00bb margin_top_tablet=\u00bb0px\u00bb margin_bottom_tablet=\u00bb0px\u00bb margin_top_phone=\u00bb0px\u00bb margin_bottom_phone=\u00bb0px\u00bb][\/vc_column_inner][\/vc_row_inner][\/vc_column][\/vc_row][vc_row type=\u00bbfull_width_content\u00bb full_screen_row_position=\u00bbmiddle\u00bb column_margin=\u00bbdefault\u00bb equal_height=\u00bbyes\u00bb content_placement=\u00bbmiddle\u00bb column_direction=\u00bbdefault\u00bb column_direction_tablet=\u00bbdefault\u00bb column_direction_phone=\u00bbdefault\u00bb bg_color=\u00bb#ffffff\u00bb scene_position=\u00bbcenter\u00bb constrain_group_1=\u00bbyes\u00bb top_padding_tablet=\u00bb8%\u00bb bottom_padding_tablet=\u00bb8%\u00bb text_color=\u00bbdark\u00bb text_align=\u00bbleft\u00bb row_border_radius=\u00bbnone\u00bb row_border_radius_applies=\u00bbbg\u00bb id=\u00bbhome\u00bb overlay_strength=\u00bb0.5&#8243; gradient_direction=\u00bbtop_to_bottom\u00bb shape_divider_position=\u00bbbottom\u00bb bg_image_animation=\u00bbnone\u00bb shape_type=\u00bbstraight_section\u00bb][vc_column column_padding=\u00bbno-extra-padding\u00bb column_padding_tablet=\u00bbinherit\u00bb column_padding_phone=\u00bbinherit\u00bb column_padding_position=\u00bball\u00bb left_margin_tablet=\u00bbauto\u00bb right_margin_tablet=\u00bbauto\u00bb left_margin_phone=\u00bbauto\u00bb right_margin_phone=\u00bbauto\u00bb column_element_spacing=\u00bbdefault\u00bb background_color_opacity=\u00bb1&#8243; background_hover_color_opacity=\u00bb1&#8243; column_shadow=\u00bbnone\u00bb column_border_radius=\u00bbnone\u00bb column_link_target=\u00bb_self\u00bb max_width_tablet=\u00bb600&#8243; max_width_phone=\u00bb420px\u00bb gradient_direction=\u00bbleft_to_right\u00bb overlay_strength=\u00bb0.5&#8243; width=\u00bb2\/5&#8243; tablet_width_inherit=\u00bbdefault\u00bb tablet_text_alignment=\u00bbdefault\u00bb phone_text_alignment=\u00bbdefault\u00bb bg_image_animation=\u00bbnone\u00bb border_type=\u00bbsimple\u00bb column_border_width=\u00bbnone\u00bb column_border_style=\u00bbsolid\u00bb offset=\u00bbvc_col-xs-12&#8243;][vc_row_inner column_margin=\u00bbdefault\u00bb column_direction=\u00bbdefault\u00bb column_direction_tablet=\u00bbdefault\u00bb column_direction_phone=\u00bbdefault\u00bb text_align=\u00bbleft\u00bb][vc_column_inner column_padding=\u00bbno-extra-padding\u00bb column_padding_tablet=\u00bbinherit\u00bb column_padding_phone=\u00bbinherit\u00bb column_padding_position=\u00bball\u00bb column_element_spacing=\u00bbdefault\u00bb background_color_opacity=\u00bb1&#8243; background_hover_color_opacity=\u00bb1&#8243; background_image=\u00bb6063&#8243; background_image_position=\u00bbcenter center\u00bb enable_bg_scale=\u00bbtrue\u00bb background_image_loading=\u00bbdefault\u00bb column_shadow=\u00bbnone\u00bb column_border_radius=\u00bbnone\u00bb column_link_target=\u00bb_self\u00bb gradient_direction=\u00bbleft_to_right\u00bb overlay_strength=\u00bb0.5&#8243; width=\u00bb1\/1&#8243; tablet_width_inherit=\u00bbdefault\u00bb bg_image_animation=\u00bbro-reveal-from-left\u00bb border_type=\u00bbsimple\u00bb column_border_width=\u00bbnone\u00bb column_border_style=\u00bbsolid\u00bb][divider line_type=\u00bbNo Line\u00bb custom_height=\u00bb90vh\u00bb custom_height_tablet=\u00bb40vh\u00bb custom_height_phone=\u00bb300px\u00bb][\/vc_column_inner][\/vc_row_inner][\/vc_column][vc_column column_padding=\u00bbpadding-7-percent\u00bb column_padding_tablet=\u00bbno-extra-padding\u00bb column_padding_phone=\u00bbno-extra-padding\u00bb column_padding_position=\u00bbleft-right\u00bb top_margin_tablet=\u00bb40&#8243; left_margin_tablet=\u00bbauto\u00bb right_margin_tablet=\u00bbauto\u00bb left_margin_phone=\u00bbauto\u00bb right_margin_phone=\u00bbauto\u00bb column_element_spacing=\u00bbdefault\u00bb background_color_opacity=\u00bb1&#8243; background_hover_color_opacity=\u00bb1&#8243; column_shadow=\u00bbnone\u00bb column_border_radius=\u00bbnone\u00bb column_link_target=\u00bb_self\u00bb max_width_desktop=\u00bb1000px\u00bb max_width_tablet=\u00bb600px\u00bb max_width_phone=\u00bb420px\u00bb zindex=\u00bb100&#8243; gradient_direction=\u00bbleft_t_to_right_b\u00bb overlay_strength=\u00bb0.3&#8243; width=\u00bb3\/5&#8243; tablet_width_inherit=\u00bbdefault\u00bb tablet_text_alignment=\u00bbdefault\u00bb phone_text_alignment=\u00bbdefault\u00bb bg_image_animation=\u00bbnone\u00bb border_type=\u00bbsimple\u00bb column_border_width=\u00bbnone\u00bb column_border_style=\u00bbsolid\u00bb offset=\u00bbvc_col-xs-12&#8243;][vc_column_text css_animation=\u00bbnone\u00bb css=\u00bb.vc_custom_1639060762043{margin-bottom: 20px !important;}\u00bb]\n<h2><em>Google for education.<\/em><\/h2>\n[\/vc_column_text][vc_row_inner column_margin=\u00bb40px\u00bb column_direction=\u00bbdefault\u00bb column_direction_tablet=\u00bbdefault\u00bb column_direction_phone=\u00bbdefault\u00bb text_align=\u00bbleft\u00bb min_width=\u00bb47vh\u00bb][vc_column_inner column_padding=\u00bbno-extra-padding\u00bb column_padding_tablet=\u00bbinherit\u00bb column_padding_phone=\u00bbinherit\u00bb column_padding_position=\u00bball\u00bb column_element_spacing=\u00bbdefault\u00bb background_color_opacity=\u00bb1&#8243; background_hover_color_opacity=\u00bb1&#8243; column_shadow=\u00bbnone\u00bb column_border_radius=\u00bbnone\u00bb column_link_target=\u00bb_self\u00bb gradient_direction=\u00bbleft_to_right\u00bb overlay_strength=\u00bb0.3&#8243; width=\u00bb1\/1&#8243; tablet_width_inherit=\u00bbdefault\u00bb bg_image_animation=\u00bbnone\u00bb enable_animation=\u00bbtrue\u00bb animation=\u00bbfade-in-from-bottom\u00bb border_type=\u00bbsimple\u00bb column_border_width=\u00bbnone\u00bb column_border_style=\u00bbsolid\u00bb enable_border_animation=\u00bbtrue\u00bb][vc_custom_heading text=\u00bbLa incorporaci\u00f3n de las herramientas de Google For Education a nuestro modelo pedag\u00f3gico, determin\u00f3 una nueva conjunci\u00f3n o comuni\u00f3n educativa. Aulas digitales partner de Google para la educaci\u00f3n, fue indispensable para la capacitaci\u00f3n e implementaci\u00f3n de todas las herramientas. La coordinaci\u00f3n pedag\u00f3gica de esta innovaci\u00f3n en cuanto a la metodolog\u00eda fue y sigue siendo el valor de este modelo pedag\u00f3gico y tecnol\u00f3gico.<br \/>\nGracias a estos avances logramos transmitir seguridad, apoyo y un impact\u00f3 positivo en los procesos de aprendizaje, no obstante la mirada del equipo de gesti\u00f3n fue decisiva en el \u00e9xito de la implantaci\u00f3n.<br \/>\nLa plataforma tambi\u00e9n nos ofrece un entorno seguro bajo dominio institucional, rutas de formaci\u00f3n profesional impartidas por Aulas digitales, liderada por el Lic. Roberto Barl\u00e9s y la articulaci\u00f3n del coordinador para la capacitaci\u00f3n pedag\u00f3gica continua (coordinador pedag\u00f3gico Lic. Marcelo Sansone). La adopci\u00f3n sistem\u00e1tica y en forma transversal a todos los niveles, de las herramientas de google, gener\u00f3 un c\u00edrculo virtuoso de accesibilidad, transparencia y colaboraci\u00f3n en los procesos de ense\u00f1anza y aprendizaje, logrando complementarse y potenciar el modelo educativo. Incorporar Google For Education a nuestra cotidianeidad educativa fusionada al modelo pedag\u00f3gico, ha facilitado a todos los actores estar acompa\u00f1ados y ofrecer impensadas posibilidades y oportunidades personales de crecimiento en los ni\u00f1os y j\u00f3venes.<\/p>\n<p>Lic. Nora Taret Directora General Armon\u00eda School<br \/>\nDirectora General<br \/>\n\u00bb font_container=\u00bbtag:p|font_size:15px|text_align:left|line_height:2em\u00bb use_theme_fonts=\u00bbyes\u00bb css_animation=\u00bbnone\u00bb][\/vc_column_inner][\/vc_row_inner][\/vc_column][\/vc_row][vc_row type=\u00bbfull_width_background\u00bb full_screen_row_position=\u00bbmiddle\u00bb column_margin=\u00bbdefault\u00bb equal_height=\u00bbyes\u00bb content_placement=\u00bbmiddle\u00bb column_direction=\u00bbdefault\u00bb column_direction_tablet=\u00bbdefault\u00bb column_direction_phone=\u00bbdefault\u00bb scene_position=\u00bbcenter\u00bb top_padding=\u00bb2%\u00bb text_color=\u00bbdark\u00bb text_align=\u00bbleft\u00bb row_border_radius=\u00bbnone\u00bb row_border_radius_applies=\u00bbbg\u00bb id=\u00bbsteps\u00bb row_name=\u00bbSign Up Steps\u00bb overlay_strength=\u00bb0.3&#8243; gradient_direction=\u00bbleft_to_right\u00bb shape_divider_position=\u00bbbottom\u00bb bg_image_animation=\u00bbnone\u00bb shape_type=\u00bb\u00bb][vc_column column_padding=\u00bbpadding-2-percent\u00bb column_padding_tablet=\u00bbinherit\u00bb column_padding_phone=\u00bbinherit\u00bb column_padding_position=\u00bbtop-bottom\u00bb column_element_spacing=\u00bbdefault\u00bb background_color_opacity=\u00bb1&#8243; background_hover_color_opacity=\u00bb1&#8243; column_shadow=\u00bbnone\u00bb column_border_radius=\u00bbnone\u00bb column_link_target=\u00bb_self\u00bb gradient_direction=\u00bbleft_to_right\u00bb overlay_strength=\u00bb0.3&#8243; width=\u00bb1\/1&#8243; tablet_width_inherit=\u00bbdefault\u00bb tablet_text_alignment=\u00bbdefault\u00bb phone_text_alignment=\u00bbdefault\u00bb bg_image_animation=\u00bbnone\u00bb border_type=\u00bbsimple\u00bb column_border_width=\u00bbnone\u00bb column_border_style=\u00bbsolid\u00bb offset=\u00bbvc_col-xs-12&#8243;][nectar_icon_list color=\u00bbdefault\u00bb direction=\u00bbhorizontal\u00bb columns=\u00bb4&#8243; icon_size=\u00bbsmall\u00bb icon_style=\u00bbborder\u00bb][nectar_icon_list_item icon_type=\u00bbicon\u00bb text_full_html=\u00bbsimple\u00bb title=\u00bbList Item\u00bb id=\u00bb1639070425984-4&#8243; header=\u00bbInfraestructura segura y escalable\u00bb text=\u00bbGoogle Workspace for Education Plus, se accede a herramientas, como Centro de Seguridad, la herramienta de investigaci\u00f3n de seguridad y la detecci\u00f3n de anomal\u00edas.\u00bb icon_fontawesome=\u00bbfa fa-leaf\u00bb tab_id=\u00bb1639070425988-10&#8243;][vc_column_text][\/vc_column_text][\/nectar_icon_list_item][nectar_icon_list_item icon_type=\u00bbicon\u00bb text_full_html=\u00bbsimple\u00bb title=\u00bbList Item\u00bb id=\u00bb1639070426068-6&#8243; header=\u00bbInfraestructura moderna\u00bb text=\u00bbMigra y moderniza las cargas de trabajo en la infraestructura segura y fiable de Google con el rigor que exigen el sector educativo y los objetivos de cada departamento.\u00bb icon_fontawesome=\u00bbfa fa-arrow-circle-o-up\u00bb tab_id=\u00bb1639070426071-9&#8243;][vc_column_text][\/vc_column_text][\/nectar_icon_list_item][nectar_icon_list_item icon_type=\u00bbicon\u00bb text_full_html=\u00bbsimple\u00bb title=\u00bbList Item\u00bb id=\u00bb1639070426152-3&#8243; header=\u00bbAsistencia a los alumnos las 24 horas\u00bb text=\u00bbLos agentes virtuales de Contact Center AI pueden responder a las consultas de los alumnos en cualquier momento.\u00bb icon_fontawesome=\u00bbfa fa-thermometer-three-quarters\u00bb tab_id=\u00bb1639070426153-6&#8243;][vc_column_text][\/vc_column_text][\/nectar_icon_list_item][nectar_icon_list_item icon_type=\u00bbicon\u00bb text_full_html=\u00bbsimple\u00bb title=\u00bbList Item\u00bb id=\u00bb1639070426202-6&#8243; header=\u00bbChromebooks\u00bb text=\u00bbTanto los educadores como los alumnos pueden usar dispositivos compartidos sencillos y seguros para crear y colaborar.\u00bb icon_fontawesome=\u00bbfa fa-eye\u00bb tab_id=\u00bb1639070426203-10&#8243;][vc_column_text][\/vc_column_text][\/nectar_icon_list_item][nectar_icon_list_item icon_type=\u00bbicon\u00bb text_full_html=\u00bbsimple\u00bb title=\u00bbList Item\u00bb id=\u00bb1639070426234-1&#8243; header=\u00bbEscritorio virtual\u00bb text=\u00bbEl profesorado puede impartir educaci\u00f3n a distancia sin interrupciones mediante talleres virtuales y acceso remoto a equipos inform\u00e1ticos.\u00bb icon_fontawesome=\u00bbfa fa-paw\u00bb tab_id=\u00bb1639070426235-9&#8243;][vc_column_text][\/vc_column_text][\/nectar_icon_list_item][nectar_icon_list_item icon_type=\u00bbicon\u00bb text_full_html=\u00bbsimple\u00bb title=\u00bbList Item\u00bb id=\u00bb1639070426280-8&#8243; header=\u00bbCopias de seguridad y recuperaci\u00f3n tras fallos\u00bb text=\u00bbEstamos preparados para cualquier situaci\u00f3n, desde desastres naturales hasta solicitudes de datos inesperadas, gracias a las copias de seguridad y las soluciones de recuperaci\u00f3n tras fallos de Google Cloud.\u00bb icon_fontawesome=\u00bbfa fa-tint\u00bb tab_id=\u00bb1639070426281-9&#8243;][vc_column_text][\/vc_column_text][\/nectar_icon_list_item][nectar_icon_list_item icon_type=\u00bbicon\u00bb text_full_html=\u00bbsimple\u00bb title=\u00bbList Item\u00bb id=\u00bb1639070426317-7&#8243; header=\u00bbHerramientas de colaboraci\u00f3n y productividad\u00bb text=\u00bbAdem\u00e1s de optimizar las tareas administrativas, Google Workspace y Google Meet favorecen el aprendizaje a distancia y la innovaci\u00f3n educativa, y no requieren que modifiques los flujos de trabajo ya conocidos.\u00bb icon_fontawesome=\u00bbfa fa-paint-brush\u00bb tab_id=\u00bb1639070426318-5&#8243;][vc_column_text][\/vc_column_text][\/nectar_icon_list_item][nectar_icon_list_item icon_type=\u00bbicon\u00bb text_full_html=\u00bbsimple\u00bb title=\u00bbList Item\u00bb id=\u00bb1639070426375-1&#8243; header=\u00bbProgramas de aprendizaje y cr\u00e9ditos de Google Cloud\u00bb text=\u00bbProporciona tanto a nuestros profesores como alumnos acceso a programas de aprendizaje y cr\u00e9dito de Google Cloud gratis para mejorar la ense\u00f1anza y preparar a los estudiantes para la vida despu\u00e9s de la graduaci\u00f3n.\u00bb icon_fontawesome=\u00bbfa fa-truck\u00bb tab_id=\u00bb1639070426376-9&#8243;][vc_column_text][\/vc_column_text][\/nectar_icon_list_item][\/nectar_icon_list][\/vc_column][\/vc_row]\n","protected":false},"excerpt":{"rendered":"<p>[vc_row type=\u00bbfull_width_content\u00bb full_screen_row_position=\u00bbmiddle\u00bb column_margin=\u00bbdefault\u00bb equal_height=\u00bbyes\u00bb content_placement=\u00bbmiddle\u00bb column_direction=\u00bbdefault\u00bb column_direction_tablet=\u00bbdefault\u00bb column_direction_phone=\u00bbdefault\u00bb scene_position=\u00bbcenter\u00bb text_color=\u00bbdark\u00bb text_align=\u00bbleft\u00bb row_border_radius=\u00bbnone\u00bb row_border_radius_applies=\u00bbbg\u00bb overlay_strength=\u00bb0.3&#8243; gradient_direction=\u00bbleft_to_right\u00bb shape_divider_position=\u00bbbottom\u00bb bg_image_animation=\u00bbnone\u00bb shape_type=\u00bb\u00bb][vc_column column_padding=\u00bbpadding-12-percent\u00bb column_padding_tablet=\u00bbinherit\u00bb column_padding_phone=\u00bbinherit\u00bb column_padding_position=\u00bball\u00bb column_element_spacing=\u00bbdefault\u00bb background_color=\u00bb#469ad6&#8243; background_color_opacity=\u00bb0.1&#8243; background_hover_color_opacity=\u00bb1&#8243; column_shadow=\u00bbnone\u00bb column_border_radius=\u00bbnone\u00bb column_link_target=\u00bb_self\u00bb&#8230;<\/p>\n","protected":false},"author":1,"featured_media":0,"parent":0,"menu_order":0,"comment_status":"closed","ping_status":"closed","template":"","meta":{"om_disable_all_campaigns":false,"_monsterinsights_skip_tracking":false,"_monsterinsights_sitenote_active":false,"_monsterinsights_sitenote_note":"","_monsterinsights_sitenote_category":0,"_joinchat":[],"footnotes":""},"class_list":["post-6506","page","type-page","status-publish"],"_links":{"self":[{"href":"https:\/\/colegioarmonia.edu.ar\/index.php\/wp-json\/wp\/v2\/pages\/6506","targetHints":{"allow":["GET"]}}],"collection":[{"href":"https:\/\/colegioarmonia.edu.ar\/index.php\/wp-json\/wp\/v2\/pages"}],"about":[{"href":"https:\/\/colegioarmonia.edu.ar\/index.php\/wp-json\/wp\/v2\/types\/page"}],"author":[{"embeddable":true,"href":"https:\/\/colegioarmonia.edu.ar\/index.php\/wp-json\/wp\/v2\/users\/1"}],"replies":[{"embeddable":true,"href":"https:\/\/colegioarmonia.edu.ar\/index.php\/wp-json\/wp\/v2\/comments?post=6506"}],"version-history":[{"count":0,"href":"https:\/\/colegioarmonia.edu.ar\/index.php\/wp-json\/wp\/v2\/pages\/6506\/revisions"}],"wp:attachment":[{"href":"https:\/\/colegioarmonia.edu.ar\/index.php\/wp-json\/wp\/v2\/media?parent=6506"}],"curies":[{"name":"wp","href":"https:\/\/api.w.org\/{rel}","templated":true}]}}