{"id":6188,"date":"2021-12-07T15:52:30","date_gmt":"2021-12-07T15:52:30","guid":{"rendered":"http:\/\/colegioarmonia.edu.ar\/wp\/?page_id=6188"},"modified":"2025-06-20T10:43:42","modified_gmt":"2025-06-20T13:43:42","slug":"nivel-secundario","status":"publish","type":"page","link":"https:\/\/colegioarmonia.edu.ar\/index.php\/nivel-secundario\/","title":{"rendered":"Secondary"},"content":{"rendered":"[vc_row type=\u00bbin_container\u00bb full_screen_row_position=\u00bbmiddle\u00bb column_margin=\u00bbdefault\u00bb column_direction=\u00bbdefault\u00bb column_direction_tablet=\u00bbdefault\u00bb column_direction_phone=\u00bbdefault\u00bb scene_position=\u00bbcenter\u00bb text_color=\u00bbdark\u00bb text_align=\u00bbleft\u00bb row_border_radius=\u00bbnone\u00bb row_border_radius_applies=\u00bbbg\u00bb overlay_strength=\u00bb0.3&#8243; gradient_direction=\u00bbleft_to_right\u00bb shape_divider_position=\u00bbbottom\u00bb bg_image_animation=\u00bbnone\u00bb][vc_column column_padding=\u00bbno-extra-padding\u00bb column_padding_tablet=\u00bbinherit\u00bb column_padding_phone=\u00bbinherit\u00bb column_padding_position=\u00bball\u00bb column_element_spacing=\u00bbdefault\u00bb background_color_opacity=\u00bb1&#8243; background_hover_color_opacity=\u00bb1&#8243; column_shadow=\u00bbnone\u00bb column_border_radius=\u00bbnone\u00bb column_link_target=\u00bb_self\u00bb gradient_direction=\u00bbleft_to_right\u00bb overlay_strength=\u00bb0.3&#8243; width=\u00bb1\/1&#8243; tablet_width_inherit=\u00bbdefault\u00bb tablet_text_alignment=\u00bbdefault\u00bb phone_text_alignment=\u00bbdefault\u00bb bg_image_animation=\u00bbnone\u00bb border_type=\u00bbsimple\u00bb column_border_width=\u00bbnone\u00bb column_border_style=\u00bbsolid\u00bb][tabbed_section style=\u00bbvertical_scrolling\u00bb tab_color=\u00bbAccent-Color\u00bb vs_navigation_width=\u00bbregular\u00bb vs_navigation_spacing=\u00bb15px\u00bb vs_navigation_mobile_display=\u00bbvisible\u00bb vs_tab_spacing=\u00bb10%\u00bb vs_tab_tag=\u00bbp\u00bb][tab icon_family=\u00bbnone\u00bb title=\u00bbProyecto educativo\u00bb id=\u00bb1642122452290-1&#8243; tab_id=\u00bb1642122452293-2&#8243;][vc_row_inner column_margin=\u00bbdefault\u00bb column_direction=\u00bbdefault\u00bb column_direction_tablet=\u00bbdefault\u00bb column_direction_phone=\u00bbdefault\u00bb text_align=\u00bbleft\u00bb][vc_column_inner column_padding=\u00bbno-extra-padding\u00bb column_padding_tablet=\u00bbinherit\u00bb column_padding_phone=\u00bbinherit\u00bb column_padding_position=\u00bball\u00bb column_element_spacing=\u00bbdefault\u00bb background_color_opacity=\u00bb1&#8243; background_hover_color_opacity=\u00bb1&#8243; column_shadow=\u00bbnone\u00bb column_border_radius=\u00bbnone\u00bb column_link_target=\u00bb_self\u00bb gradient_direction=\u00bbleft_to_right\u00bb overlay_strength=\u00bb0.3&#8243; width=\u00bb1\/2&#8243; tablet_width_inherit=\u00bbdefault\u00bb bg_image_animation=\u00bbnone\u00bb border_type=\u00bbsimple\u00bb column_border_width=\u00bbnone\u00bb column_border_style=\u00bbsolid\u00bb][image_with_animation image_url=\u00bb6416&#8243; animation=\u00bbFade In\u00bb hover_animation=\u00bbnone\u00bb alignment=\u00bb\u00bb border_radius=\u00bbnone\u00bb box_shadow=\u00bbnone\u00bb image_loading=\u00bbdefault\u00bb max_width=\u00bb100%\u00bb max_width_mobile=\u00bbdefault\u00bb][\/vc_column_inner][vc_column_inner column_padding=\u00bbno-extra-padding\u00bb column_padding_tablet=\u00bbinherit\u00bb column_padding_phone=\u00bbinherit\u00bb column_padding_position=\u00bball\u00bb column_element_spacing=\u00bbdefault\u00bb background_color_opacity=\u00bb1&#8243; background_hover_color_opacity=\u00bb1&#8243; column_shadow=\u00bbnone\u00bb column_border_radius=\u00bbnone\u00bb column_link_target=\u00bb_self\u00bb gradient_direction=\u00bbleft_to_right\u00bb overlay_strength=\u00bb0.3&#8243; width=\u00bb1\/2&#8243; tablet_width_inherit=\u00bbdefault\u00bb bg_image_animation=\u00bbnone\u00bb border_type=\u00bbsimple\u00bb column_border_width=\u00bbnone\u00bb column_border_style=\u00bbsolid\u00bb][vc_column_text]El nivel secundario, debe preparar al alumno para un<span class=\"bor\">\u00a0<span style=\"color: #ff6600;\"><strong>aprendizaje continuo<\/strong><\/span><\/span>, y, por lo tanto, el escenario social futuro y las instancias formales y no formales de aprendizaje, ser\u00e1n parte de la vida cotidiana de los alumnos. Se debe aprender para seguir aprendiendo. Buscamos desde todos los espacios y actividades realizadas que de uno u otro modo se potencien las capacidades, habilidades y conductas que formar\u00e1n al futuro ciudadano, posibilitar\u00e1n <strong><span style=\"color: #ff6600;\">su\u00a0<span class=\"bor\">continuaci\u00f3n de estudios superiores\u00a0<\/span><\/span><\/strong>y colaborar\u00e1n para una\u00a0<strong><span class=\"bor\" style=\"color: #ff6600;\">mejor inserci\u00f3n en el mercado laboral.<\/span><\/strong>[\/vc_column_text][\/vc_column_inner][\/vc_row_inner][\/tab][tab icon_family=\u00bbnone\u00bb title=\u00bbModelo educativo\u00bb id=\u00bb1642122452499-7&#8243; tab_id=\u00bb1642122452501-8&#8243;][vc_column_text][\/vc_column_text][\/tab][tab icon_family=\u00bbnone\u00bb title=\u00bbNuestros espacios\u00bb id=\u00bb1642122452590-8&#8243; tab_id=\u00bb1642122452592-0&#8243;][vc_row_inner column_margin=\u00bbdefault\u00bb column_direction=\u00bbdefault\u00bb column_direction_tablet=\u00bbdefault\u00bb column_direction_phone=\u00bbdefault\u00bb text_align=\u00bbleft\u00bb][vc_column_inner column_padding=\u00bbno-extra-padding\u00bb column_padding_tablet=\u00bbinherit\u00bb column_padding_phone=\u00bbinherit\u00bb column_padding_position=\u00bball\u00bb column_element_spacing=\u00bbdefault\u00bb background_color_opacity=\u00bb1&#8243; background_hover_color_opacity=\u00bb1&#8243; column_shadow=\u00bbnone\u00bb column_border_radius=\u00bbnone\u00bb column_link_target=\u00bb_self\u00bb gradient_direction=\u00bbleft_to_right\u00bb overlay_strength=\u00bb0.3&#8243; width=\u00bb1\/1&#8243; tablet_width_inherit=\u00bbdefault\u00bb bg_image_animation=\u00bbnone\u00bb border_type=\u00bbsimple\u00bb column_border_width=\u00bbnone\u00bb column_border_style=\u00bbsolid\u00bb][vc_column_text]\n<h3>Arquitectura y pedagog\u00eda se articulan a fin de dar respuestas a las m\u00faltiples necesidades y alternativas acad\u00e9micas<\/h3>\n<p>Aulas dise\u00f1adas a partir de un concepto arquitect\u00f3nico-educativo de vanguardia, caracterizado por la flexibilidad de los espacios y accesibilidad a los materiales did\u00e1cticos, permitiendo adaptar la infraestructura a las necesidades de ense\u00f1anza, logrando de esta forma que los alumnos tengan una actitud positiva frente al aprendizaje y sobre todo que se sientan a gusto y se apropien de su espacio escolar.[\/vc_column_text]<div class=\"nectar-fancy-ul\" data-list-icon=\"dot\" data-animation=\"false\" data-animation-delay=\"0\" data-spacing=\"default\" data-alignment=\"left\"> \n<ul>\n<li style=\"text-align: left;\">Aulas flexibles y tem\u00e1ticas<\/li>\n<li style=\"text-align: left;\">Espacios de estudio en el interior y exterior del aula<\/li>\n<li style=\"text-align: left;\">Aulas Digitales &amp; Nuevas Tecnolog\u00edas<\/li>\n<li style=\"text-align: left;\">Atelier de arte y danza<\/li>\n<li style=\"text-align: left;\">Espacio para educaci\u00f3n f\u00edsica y descubierto para entrenamiento deportivo<\/li>\n<li style=\"text-align: left;\">Huerta<\/li>\n<li style=\"text-align: left;\">Sal\u00f3n de \u00fasos m\u00faltiples<\/li>\n<\/ul>\n <\/div>[\/vc_column_inner][\/vc_row_inner][\/tab][tab icon_family=\u00bbnone\u00bb title=\u00bbCertificaciones internacionales\u00bb id=\u00bb1642122452669-9&#8243; tab_id=\u00bb1642122452670-10&#8243;][vc_row_inner column_margin=\u00bbdefault\u00bb column_direction=\u00bbdefault\u00bb column_direction_tablet=\u00bbdefault\u00bb column_direction_phone=\u00bbdefault\u00bb text_align=\u00bbleft\u00bb][vc_column_inner column_padding=\u00bbno-extra-padding\u00bb column_padding_tablet=\u00bbinherit\u00bb column_padding_phone=\u00bbinherit\u00bb column_padding_position=\u00bball\u00bb column_element_spacing=\u00bbdefault\u00bb background_color_opacity=\u00bb1&#8243; background_hover_color_opacity=\u00bb1&#8243; column_shadow=\u00bbnone\u00bb column_border_radius=\u00bbnone\u00bb column_link_target=\u00bb_self\u00bb gradient_direction=\u00bbleft_to_right\u00bb overlay_strength=\u00bb0.3&#8243; width=\u00bb1\/2&#8243; tablet_width_inherit=\u00bbdefault\u00bb bg_image_animation=\u00bbnone\u00bb border_type=\u00bbsimple\u00bb column_border_width=\u00bbnone\u00bb column_border_style=\u00bbsolid\u00bb][vc_column_text]\n<h3><strong>Idioma<\/strong><\/h3>\n<p>Desde los inicios del Colegio Armon\u00eda, el idioma ingl\u00e9s tiene un lugar particularmente importante dentro de la propuesta educativa. Se trata de que los alumnos adquieran el segundo idioma, ingl\u00e9s; no s\u00f3lo como un medio de comunicaci\u00f3n sino tambi\u00e9n como herramienta que posibilita la educaci\u00f3n continua y como una puerta de acceso para entender otras culturas.<br \/>\nDesde el nivel inicial y luego en el nivel primario los alumnos van incorporando el idioma en forma natural y gradual, con una carga horaria intensiva en la modalidad simple y biling\u00fce en la doble escolaridad.<br \/>\nEn el nivel secundario los alumnos est\u00e1n divididos por niveles de ingl\u00e9s con el objetivo de brindarles una educaci\u00f3n personalizada acorde a sus necesidades.[\/vc_column_text][vc_column_text]\n<h3 style=\"text-align: left;\"><strong>Certificaciones internacionales<\/strong><br \/>\n<strong>Universidad de Cambridge<\/strong><\/h3>\n<h4><i><u><span data-olk-copy-source=\"MessageBody\">Bachillerato Internacional de Cambridge: IGCSE + ICE<\/span><\/u><\/i><\/h4>\n<p>Para complementar nuestra oferta educativa de calidad, en el nivel secundario ofrecemos el\u00a0<strong>Cambridge IGCSE<\/strong>\u00a0(International General Certificate of Secondary Education) y el\u00a0<strong>Cambridge ICE<\/strong>\u00a0(International Certificate in Education):<\/p>\n<ul type=\"disc\">\n<li><strong>Cambridge IGCSE<\/strong><br \/>\nPrepara en profundidad las cuatro habilidades ling\u00fc\u00edsticas y ofrece asignaturas optativas que refuerzan contenidos de ciencias, matem\u00e1ticas, humanidades y lenguas. El curr\u00edculo IGCSE pone el foco en el pensamiento cr\u00edtico, la resoluci\u00f3n de problemas y la investigaci\u00f3n, habilidades clave para estudios posteriores y la vida profesional.<\/li>\n<li><strong>Cambridge ICE (International Certificate in Education)<\/strong><br \/>\nEs un certificado que reconoce el rendimiento en siete asignaturas repartidas en cinco \u00e1reas del conocimiento (Idiomas, Humanidades y Artes, Ciencias, Matem\u00e1ticas y Creatividad). Para acceder al ICE, el alumno debe aprobar los siete ex\u00e1menes de Cambridge, asegurando as\u00ed una formaci\u00f3n equilibrada y transversal.<\/li>\n<\/ul>\n<p>Con estas certificaciones, nuestros estudiantes no solo consolidan su competencia en ingl\u00e9s, sino que tambi\u00e9n adquieren una visi\u00f3n global y herramientas acad\u00e9micas acordes a los est\u00e1ndares internacionales de educaci\u00f3n.[\/vc_column_text][\/vc_column_inner][vc_column_inner column_padding=\u00bbno-extra-padding\u00bb column_padding_tablet=\u00bbinherit\u00bb column_padding_phone=\u00bbinherit\u00bb column_padding_position=\u00bball\u00bb column_element_spacing=\u00bbdefault\u00bb background_color_opacity=\u00bb1&#8243; background_hover_color_opacity=\u00bb1&#8243; column_shadow=\u00bbnone\u00bb column_border_radius=\u00bbnone\u00bb column_link_target=\u00bb_self\u00bb gradient_direction=\u00bbleft_to_right\u00bb overlay_strength=\u00bb0.3&#8243; width=\u00bb1\/2&#8243; tablet_width_inherit=\u00bbdefault\u00bb bg_image_animation=\u00bbnone\u00bb border_type=\u00bbsimple\u00bb column_border_width=\u00bbnone\u00bb column_border_style=\u00bbsolid\u00bb][image_with_animation image_url=\u00bb5961&#8243; animation=\u00bbFade In\u00bb hover_animation=\u00bbnone\u00bb alignment=\u00bb\u00bb border_radius=\u00bbnone\u00bb box_shadow=\u00bbnone\u00bb image_loading=\u00bbdefault\u00bb max_width=\u00bb100%\u00bb max_width_mobile=\u00bbdefault\u00bb][vc_column_text]\n<h3>Contamos con un cuerpo de profesores calificados y una cuidada coordinaci\u00f3n que permite articular el conocimiento desde el jard\u00edn de infantes hasta el \u00faltimo a\u00f1o secundario.<\/h3>\n[\/vc_column_text][\/vc_column_inner][\/vc_row_inner][\/tab][tab icon_family=\u00bbnone\u00bb title=\u00bb\u00c1reas de aprendizaje\u00bb id=\u00bb1642122453022-3&#8243; tab_id=\u00bb1642122453027-5&#8243;][vc_row_inner column_margin=\u00bbdefault\u00bb column_direction=\u00bbdefault\u00bb column_direction_tablet=\u00bbdefault\u00bb column_direction_phone=\u00bbdefault\u00bb text_align=\u00bbleft\u00bb][vc_column_inner column_padding=\u00bbno-extra-padding\u00bb column_padding_tablet=\u00bbinherit\u00bb column_padding_phone=\u00bbinherit\u00bb column_padding_position=\u00bball\u00bb column_element_spacing=\u00bbdefault\u00bb background_color_opacity=\u00bb1&#8243; background_hover_color_opacity=\u00bb1&#8243; column_shadow=\u00bbnone\u00bb column_border_radius=\u00bbnone\u00bb column_link_target=\u00bb_self\u00bb gradient_direction=\u00bbleft_to_right\u00bb overlay_strength=\u00bb0.3&#8243; width=\u00bb1\/2&#8243; tablet_width_inherit=\u00bbdefault\u00bb bg_image_animation=\u00bbnone\u00bb border_type=\u00bbsimple\u00bb column_border_width=\u00bbnone\u00bb column_border_style=\u00bbsolid\u00bb][vc_column_text]En esta etapa se profundiza el manejo fluido y espont\u00e1neo de ambos<span class=\"bor\">\u00a0<span style=\"color: #ff6600;\"><strong>idiomas<\/strong><\/span><\/span><span style=\"color: #ff6600;\"><strong>\u00a0<\/strong><\/span>(ingl\u00e9s y castellano), oral y escrito. El desarrollo de diversas<strong><span style=\"color: #ff6600;\">\u00a0<span class=\"bor\">t\u00e9cnicas de estudio<\/span><\/span><\/strong>,<span class=\"bor\">\u00a0<strong><span style=\"color: #ff6600;\">el trabajo en equipo y la investigaci\u00f3n<\/span><\/strong>\u00a0<\/span>se reflejan en actividades y proyectos interdisciplinarios, viajes de estudio y la participaci\u00f3n en competiciones ol\u00edmpicas de Matem\u00e1tica, Filosof\u00eda y Ciencias. Las actividades de\u00a0<span class=\"bor\"><span style=\"color: #ff6600;\"><strong>expresi\u00f3n personal<\/strong><\/span>,<\/span>\u00a0tanto curriculares como extra program\u00e1ticas, permiten el descubrimiento y despliegue de talentos especiales, que se reflejan en \u00e1reas como la m\u00fasica, gastronom\u00eda, teatro y deportes.<\/p>\n<p>El secundario brinda m\u00faltiples oportunidades de aprendizaje, relacion\u00e1ndolas tambi\u00e9n con el mundo del trabajo. El proceso de\u00a0<strong><span class=\"bor\" style=\"color: #ff6600;\">orientaci\u00f3n vocacional<\/span><\/strong>\u00a0abarca la interacci\u00f3n con profesionales universitarios y la presentaci\u00f3n a los alumnos del \u00faltimo a\u00f1o, de las propuestas acad\u00e9micas de distintas universidades. Asimismo, un cuidado\u00a0<span class=\"bor\"><span style=\"color: #ff6600;\"><strong>programa de pasant\u00edas labor<span style=\"color: #ff6600;\">ale<\/span><\/strong><strong>s<\/strong><\/span><\/span>\u00a0enriquece el perfil del futuro egresado y lo adentra en tareas tales como la preparaci\u00f3n de su propio CV, el an\u00e1lisis de avisos de b\u00fasqueda laboral, la preparaci\u00f3n de entrevistas y la inserci\u00f3n activa en instituciones y empresas afines con su perfil e intereses. Complementa esta vasta educaci\u00f3n human\u00edstica un<strong><span class=\"bor\" style=\"color: #ff6600;\">\u00a0proyecto de trabajo social\u00a0<\/span><\/strong>de campo que se enmarca en una actitud de responsabilidad y compromiso social que caracteriza al colegio.[\/vc_column_text][\/vc_column_inner][vc_column_inner column_padding=\u00bbno-extra-padding\u00bb column_padding_tablet=\u00bbinherit\u00bb column_padding_phone=\u00bbinherit\u00bb column_padding_position=\u00bball\u00bb column_element_spacing=\u00bbdefault\u00bb background_color_opacity=\u00bb1&#8243; background_hover_color_opacity=\u00bb1&#8243; column_shadow=\u00bbnone\u00bb column_border_radius=\u00bbnone\u00bb column_link_target=\u00bb_self\u00bb gradient_direction=\u00bbleft_to_right\u00bb overlay_strength=\u00bb0.3&#8243; width=\u00bb1\/2&#8243; tablet_width_inherit=\u00bbdefault\u00bb bg_image_animation=\u00bbnone\u00bb border_type=\u00bbsimple\u00bb column_border_width=\u00bbnone\u00bb column_border_style=\u00bbsolid\u00bb][image_with_animation image_url=\u00bb6903&#8243; animation=\u00bbFade In\u00bb hover_animation=\u00bbnone\u00bb alignment=\u00bb\u00bb border_radius=\u00bbnone\u00bb box_shadow=\u00bbnone\u00bb image_loading=\u00bbdefault\u00bb max_width=\u00bb100%\u00bb max_width_mobile=\u00bbdefault\u00bb][\/vc_column_inner][\/vc_row_inner][\/tab][tab icon_family=\u00bbnone\u00bb title=\u00bbHorarios\u00bb id=\u00bb1642122453175-7&#8243; tab_id=\u00bb1642122453177-6&#8243;][vc_row_inner column_margin=\u00bbdefault\u00bb column_direction=\u00bbdefault\u00bb column_direction_tablet=\u00bbdefault\u00bb column_direction_phone=\u00bbdefault\u00bb text_align=\u00bbleft\u00bb][vc_column_inner column_padding=\u00bbno-extra-padding\u00bb column_padding_tablet=\u00bbinherit\u00bb column_padding_phone=\u00bbinherit\u00bb column_padding_position=\u00bball\u00bb column_element_spacing=\u00bbdefault\u00bb background_color_opacity=\u00bb1&#8243; background_hover_color_opacity=\u00bb1&#8243; column_shadow=\u00bbnone\u00bb column_border_radius=\u00bbnone\u00bb column_link_target=\u00bb_self\u00bb gradient_direction=\u00bbleft_to_right\u00bb overlay_strength=\u00bb0.3&#8243; width=\u00bb1\/6&#8243; tablet_width_inherit=\u00bbdefault\u00bb bg_image_animation=\u00bbnone\u00bb border_type=\u00bbsimple\u00bb column_border_width=\u00bbnone\u00bb column_border_style=\u00bbsolid\u00bb][\/vc_column_inner][vc_column_inner column_padding=\u00bbno-extra-padding\u00bb column_padding_tablet=\u00bbinherit\u00bb column_padding_phone=\u00bbinherit\u00bb column_padding_position=\u00bball\u00bb column_element_spacing=\u00bbdefault\u00bb background_color_opacity=\u00bb1&#8243; background_hover_color_opacity=\u00bb1&#8243; column_shadow=\u00bbnone\u00bb column_border_radius=\u00bbnone\u00bb column_link_target=\u00bb_self\u00bb gradient_direction=\u00bbleft_to_right\u00bb overlay_strength=\u00bb0.3&#8243; width=\u00bb2\/3&#8243; tablet_width_inherit=\u00bbdefault\u00bb bg_image_animation=\u00bbnone\u00bb border_type=\u00bbsimple\u00bb column_border_width=\u00bbnone\u00bb column_border_style=\u00bbsolid\u00bb][vc_column_text]\n<h2>Horario<\/h2>\n<p><strong>Doble jornada<\/strong>[\/vc_column_text][\/vc_column_inner][vc_column_inner column_padding=\u00bbno-extra-padding\u00bb column_padding_tablet=\u00bbinherit\u00bb column_padding_phone=\u00bbinherit\u00bb column_padding_position=\u00bball\u00bb column_element_spacing=\u00bbdefault\u00bb background_color_opacity=\u00bb1&#8243; background_hover_color_opacity=\u00bb1&#8243; column_shadow=\u00bbnone\u00bb column_border_radius=\u00bbnone\u00bb column_link_target=\u00bb_self\u00bb gradient_direction=\u00bbleft_to_right\u00bb overlay_strength=\u00bb0.3&#8243; width=\u00bb1\/6&#8243; tablet_width_inherit=\u00bbdefault\u00bb bg_image_animation=\u00bbnone\u00bb border_type=\u00bbsimple\u00bb column_border_width=\u00bbnone\u00bb column_border_style=\u00bbsolid\u00bb][\/vc_column_inner][\/vc_row_inner][\/tab][\/tabbed_section][\/vc_column][\/vc_row][vc_row type=\u00bbin_container\u00bb full_screen_row_position=\u00bbmiddle\u00bb column_margin=\u00bbdefault\u00bb column_direction=\u00bbdefault\u00bb column_direction_tablet=\u00bbdefault\u00bb column_direction_phone=\u00bbdefault\u00bb scene_position=\u00bbcenter\u00bb text_color=\u00bbdark\u00bb text_align=\u00bbleft\u00bb row_border_radius=\u00bbnone\u00bb row_border_radius_applies=\u00bbbg\u00bb overlay_strength=\u00bb0.3&#8243; gradient_direction=\u00bbleft_to_right\u00bb shape_divider_position=\u00bbbottom\u00bb bg_image_animation=\u00bbnone\u00bb][vc_column column_padding=\u00bbpadding-1-percent\u00bb column_padding_tablet=\u00bbinherit\u00bb column_padding_phone=\u00bbinherit\u00bb column_padding_position=\u00bball\u00bb column_element_spacing=\u00bbdefault\u00bb background_color_opacity=\u00bb1&#8243; background_hover_color_opacity=\u00bb1&#8243; column_shadow=\u00bbnone\u00bb column_border_radius=\u00bbnone\u00bb column_link_target=\u00bb_self\u00bb gradient_direction=\u00bbleft_to_right\u00bb overlay_strength=\u00bb0.3&#8243; width=\u00bb1\/4&#8243; tablet_width_inherit=\u00bbdefault\u00bb tablet_text_alignment=\u00bbdefault\u00bb phone_text_alignment=\u00bbdefault\u00bb bg_image_animation=\u00bbnone\u00bb border_type=\u00bbsimple\u00bb column_border_width=\u00bbnone\u00bb column_border_style=\u00bbsolid\u00bb][nectar_blog layout=\u00bbmasonry-blog-fullwidth\u00bb blog_masonry_style=\u00bbmaterial\u00bb load_in_animation=\u00bbnone\u00bb category=\u00bbsecondary\u00bb order=\u00bbDESC\u00bb orderby=\u00bbdate\u00bb blog_remove_post_date=\u00bbtrue\u00bb blog_remove_post_author=\u00bbtrue\u00bb blog_remove_post_comment_number=\u00bbtrue\u00bb blog_remove_post_nectar_love=\u00bbtrue\u00bb posts_per_page=\u00bb1&#8243;][\/vc_column][vc_column column_padding=\u00bbpadding-1-percent\u00bb column_padding_tablet=\u00bbinherit\u00bb column_padding_phone=\u00bbinherit\u00bb column_padding_position=\u00bball\u00bb column_element_spacing=\u00bbdefault\u00bb background_color_opacity=\u00bb1&#8243; background_hover_color_opacity=\u00bb1&#8243; column_shadow=\u00bbnone\u00bb column_border_radius=\u00bbnone\u00bb column_link_target=\u00bb_self\u00bb gradient_direction=\u00bbleft_to_right\u00bb overlay_strength=\u00bb0.3&#8243; width=\u00bb1\/4&#8243; tablet_width_inherit=\u00bbdefault\u00bb tablet_text_alignment=\u00bbdefault\u00bb phone_text_alignment=\u00bbdefault\u00bb bg_image_animation=\u00bbnone\u00bb border_type=\u00bbsimple\u00bb column_border_width=\u00bbnone\u00bb column_border_style=\u00bbsolid\u00bb][nectar_blog layout=\u00bbmasonry-blog-fullwidth\u00bb blog_masonry_style=\u00bbmaterial\u00bb load_in_animation=\u00bbnone\u00bb category=\u00bbsecondary\u00bb order=\u00bbDESC\u00bb orderby=\u00bbdate\u00bb blog_remove_post_date=\u00bbtrue\u00bb blog_remove_post_author=\u00bbtrue\u00bb blog_remove_post_comment_number=\u00bbtrue\u00bb blog_remove_post_nectar_love=\u00bbtrue\u00bb posts_per_page=\u00bb1&#8243; post_offset=\u00bb1&#8243;][\/vc_column][vc_column column_padding=\u00bbpadding-1-percent\u00bb column_padding_tablet=\u00bbinherit\u00bb column_padding_phone=\u00bbinherit\u00bb column_padding_position=\u00bball\u00bb column_element_spacing=\u00bbdefault\u00bb background_color_opacity=\u00bb1&#8243; background_hover_color_opacity=\u00bb1&#8243; column_shadow=\u00bbnone\u00bb column_border_radius=\u00bbnone\u00bb column_link_target=\u00bb_self\u00bb gradient_direction=\u00bbleft_to_right\u00bb overlay_strength=\u00bb0.3&#8243; width=\u00bb1\/4&#8243; tablet_width_inherit=\u00bbdefault\u00bb tablet_text_alignment=\u00bbdefault\u00bb phone_text_alignment=\u00bbdefault\u00bb bg_image_animation=\u00bbnone\u00bb border_type=\u00bbsimple\u00bb column_border_width=\u00bbnone\u00bb column_border_style=\u00bbsolid\u00bb][nectar_blog layout=\u00bbmasonry-blog-fullwidth\u00bb blog_masonry_style=\u00bbmaterial\u00bb load_in_animation=\u00bbnone\u00bb category=\u00bbsecondary\u00bb order=\u00bbDESC\u00bb orderby=\u00bbdate\u00bb blog_remove_post_date=\u00bbtrue\u00bb blog_remove_post_author=\u00bbtrue\u00bb blog_remove_post_comment_number=\u00bbtrue\u00bb blog_remove_post_nectar_love=\u00bbtrue\u00bb posts_per_page=\u00bb1&#8243; post_offset=\u00bb2&#8243;][\/vc_column][vc_column column_padding=\u00bbpadding-1-percent\u00bb column_padding_tablet=\u00bbinherit\u00bb column_padding_phone=\u00bbinherit\u00bb column_padding_position=\u00bball\u00bb column_element_spacing=\u00bbdefault\u00bb background_color_opacity=\u00bb1&#8243; background_hover_color_opacity=\u00bb1&#8243; column_shadow=\u00bbnone\u00bb column_border_radius=\u00bbnone\u00bb column_link_target=\u00bb_self\u00bb gradient_direction=\u00bbleft_to_right\u00bb overlay_strength=\u00bb0.3&#8243; width=\u00bb1\/4&#8243; tablet_width_inherit=\u00bbdefault\u00bb tablet_text_alignment=\u00bbdefault\u00bb phone_text_alignment=\u00bbdefault\u00bb bg_image_animation=\u00bbnone\u00bb border_type=\u00bbsimple\u00bb column_border_width=\u00bbnone\u00bb column_border_style=\u00bbsolid\u00bb][nectar_blog layout=\u00bbmasonry-blog-fullwidth\u00bb blog_masonry_style=\u00bbmaterial\u00bb load_in_animation=\u00bbnone\u00bb category=\u00bbsecondary\u00bb order=\u00bbDESC\u00bb orderby=\u00bbdate\u00bb blog_remove_post_date=\u00bbtrue\u00bb blog_remove_post_author=\u00bbtrue\u00bb blog_remove_post_comment_number=\u00bbtrue\u00bb blog_remove_post_nectar_love=\u00bbtrue\u00bb posts_per_page=\u00bb1&#8243; post_offset=\u00bb3&#8243;][\/vc_column][\/vc_row]\n","protected":false},"excerpt":{"rendered":"<p>[vc_row type=\u00bbin_container\u00bb full_screen_row_position=\u00bbmiddle\u00bb column_margin=\u00bbdefault\u00bb column_direction=\u00bbdefault\u00bb column_direction_tablet=\u00bbdefault\u00bb column_direction_phone=\u00bbdefault\u00bb scene_position=\u00bbcenter\u00bb text_color=\u00bbdark\u00bb text_align=\u00bbleft\u00bb row_border_radius=\u00bbnone\u00bb row_border_radius_applies=\u00bbbg\u00bb overlay_strength=\u00bb0.3&#8243; gradient_direction=\u00bbleft_to_right\u00bb shape_divider_position=\u00bbbottom\u00bb bg_image_animation=\u00bbnone\u00bb][vc_column column_padding=\u00bbno-extra-padding\u00bb column_padding_tablet=\u00bbinherit\u00bb column_padding_phone=\u00bbinherit\u00bb column_padding_position=\u00bball\u00bb column_element_spacing=\u00bbdefault\u00bb background_color_opacity=\u00bb1&#8243; background_hover_color_opacity=\u00bb1&#8243; column_shadow=\u00bbnone\u00bb column_border_radius=\u00bbnone\u00bb column_link_target=\u00bb_self\u00bb gradient_direction=\u00bbleft_to_right\u00bb overlay_strength=\u00bb0.3&#8243; width=\u00bb1\/1&#8243; tablet_width_inherit=\u00bbdefault\u00bb&#8230;<\/p>\n","protected":false},"author":1,"featured_media":0,"parent":0,"menu_order":0,"comment_status":"closed","ping_status":"closed","template":"","meta":{"om_disable_all_campaigns":false,"_monsterinsights_skip_tracking":false,"_monsterinsights_sitenote_active":false,"_monsterinsights_sitenote_note":"","_monsterinsights_sitenote_category":0,"_joinchat":[],"footnotes":""},"class_list":["post-6188","page","type-page","status-publish"],"_links":{"self":[{"href":"https:\/\/colegioarmonia.edu.ar\/index.php\/wp-json\/wp\/v2\/pages\/6188","targetHints":{"allow":["GET"]}}],"collection":[{"href":"https:\/\/colegioarmonia.edu.ar\/index.php\/wp-json\/wp\/v2\/pages"}],"about":[{"href":"https:\/\/colegioarmonia.edu.ar\/index.php\/wp-json\/wp\/v2\/types\/page"}],"author":[{"embeddable":true,"href":"https:\/\/colegioarmonia.edu.ar\/index.php\/wp-json\/wp\/v2\/users\/1"}],"replies":[{"embeddable":true,"href":"https:\/\/colegioarmonia.edu.ar\/index.php\/wp-json\/wp\/v2\/comments?post=6188"}],"version-history":[{"count":0,"href":"https:\/\/colegioarmonia.edu.ar\/index.php\/wp-json\/wp\/v2\/pages\/6188\/revisions"}],"wp:attachment":[{"href":"https:\/\/colegioarmonia.edu.ar\/index.php\/wp-json\/wp\/v2\/media?parent=6188"}],"curies":[{"name":"wp","href":"https:\/\/api.w.org\/{rel}","templated":true}]}}